{"id":1476,"date":"2020-05-28T17:44:20","date_gmt":"2020-05-28T14:44:20","guid":{"rendered":"https:\/\/alpha-bioenergy.com\/privacy-policy\/"},"modified":"2020-05-29T10:25:28","modified_gmt":"2020-05-29T07:25:28","slug":"privacy-policy","status":"publish","type":"page","link":"https:\/\/alpha-bioenergy.com\/de\/privacy-policy\/","title":{"rendered":"NUTZUNGSBEDINGUNGEN"},"content":{"rendered":"<div class=\"wpb-content-wrapper\"><p>[vc_row css_animation=&#8220;&#8220; row_type=&#8220;row&#8220; use_row_as_full_screen_section=&#8220;no&#8220; type=&#8220;full_width&#8220; angled_section=&#8220;no&#8220; text_align=&#8220;left&#8220; background_image_as_pattern=&#8220;without_pattern&#8220;][vc_column][vc_column_text]Das Unternehmen verpflichtet sich und hat alle notwendigen Ma\u00dfnahmen ergriffen, um die pers\u00f6nlichen Daten, die die Benutzer \u00fcber das Netzwerk zur Verf\u00fcgung stellen, in \u00dcbereinstimmung mit der Verordnung Nr. 2016\/679 GDPR und Unter-Nr. zu sch\u00fctzen. Gesetz 4624\/2019. Die einzigen Informationen, die wir w\u00e4hrend der normalen Nutzung der Website erfassen und speichern, sind die Computeradresse, von der aus der Benutzer die Website besucht, der Browsertyp, die verwendete Version, die Seiten, auf die der Benutzer Zugriff hat, sowie Tag und Uhrzeit dieser Anwendungen. Diese Informationen werden verwendet, um die Nutzung der Website zu steuern und die weitere Entwicklung der Website zu unterst\u00fctzen. Diese Nutzung ist nicht dazu bestimmt, personenbezogene Daten zu sammeln oder zu speichern.<\/p>\n<p>Im Falle eines Vertrages oder einer Kontaktaufnahme mit uns k\u00f6nnen wir Ihre pers\u00f6nlichen Daten wie Ihren Namen, Ihren Firmennamen, Ihre E-Mail und E-Mail-Adresse, die Art Ihrer Anfrage und alle weiteren Informationen, die Sie uns zusenden, speichern.<\/p>\n<p>Die Datenschutzrichtlinie erl\u00e4utert, wie wir die Daten, die wir aus Ihrer Interaktion mit unserem Unternehmen sammeln, sowohl elektronisch als auch auf andere Weise verarbeiten. M\u00f6glicherweise m\u00fcssen wir unsere Datenschutzrichtlinie in Zukunft \u00e4ndern. Wir werden die ge\u00e4nderte Version auf unserer Website ver\u00f6ffentlichen, und sie ist ab ihrer Ver\u00f6ffentlichung g\u00fcltig. Deshalb raten wir Ihnen, ihren Inhalt regelm\u00e4\u00dfig zu \u00fcberpr\u00fcfen.<\/p>\n<p>&nbsp;<\/p>\n<p><b>1. Aufbewahrungszeit der Daten<\/b><\/p>\n<p>Wir verarbeiten die Daten nur so lange, wie es zur Erf\u00fcllung der Zwecke, f\u00fcr die wir sie gesammelt haben, erforderlich ist. Wir \u00fcberpr\u00fcfen die von uns gespeicherten Daten in regelm\u00e4\u00dfigen Abst\u00e4nden und l\u00f6schen sie, wenn sie zur Erf\u00fcllung dieser Zwecke nicht mehr erforderlich sind. Insbesondere pflegen wir:<\/p>\n<p>&#8211; Die Informationen, die f\u00fcr die Erf\u00fcllung des Dienstleistungsvertrags zwischen uns erforderlich sind, w\u00e4hrend seiner gesamten G\u00fcltigkeitsdauer.<\/p>\n<p>&#8211; Informationen \u00fcber Ihre Anfragen oder Ihr Feedback, solange es dauert, bis wir diese \u00fcberpr\u00fcfen und geeignete Ma\u00dfnahmen ergreifen k\u00f6nnen.<\/p>\n<p>&#8211; Die Informationen, die wir verwenden, um unsere Dienstleistungen \u00fcber die Werbem\u00f6glichkeiten der sozialen Online-Medienplattform zu bewerben, auf der wir eine Unternehmensseite unterhalten (Facebook, Linkedin), sowie um Sie \u00fcber Links\/Fotos zu informieren, die wir auf unserer Unternehmensseite in diesen Medien ver\u00f6ffentlichen, solange Sie unsere Unternehmensseite in diesen Medien &#8222;verfolgen&#8220;. Wenn Sie Ihre Daten nicht f\u00fcr diese Zwecke verarbeiten m\u00f6chten, k\u00f6nnen Sie in \u00dcbereinstimmung mit den Nutzungsbedingungen der spezifischen Social-Media-Sites, die Sie konsultieren sollten, aufh\u00f6ren, unserer Unternehmensseite zu &#8222;folgen&#8220;.<\/p>\n<p>&#8211; Wir bewahren die Informationen, die wir durch die Verwendung von Cookies gesammelt haben, in \u00dcbereinstimmung mit unserer Cookie-Richtlinie auf.<\/p>\n<p>&nbsp;<\/p>\n<p><b>2. Ihre Rechte<\/b><\/p>\n<p>Was sind diese?<\/p>\n<p>Um die Daten zu sch\u00fctzen, haben Sie die folgenden Berechtigungen. Diese Rechte k\u00f6nnen in einigen F\u00e4llen durch die entsprechende Gesetzgebung, aber auch durch die Nutzungsbedingungen der Online-Plattform Dritter (Facebook, Linkedin), \u00fcber die wir sie erworben haben, eingeschr\u00e4nkt werden.<\/p>\n<p>&nbsp;<\/p>\n<p><b>Recht auf Zugang<\/b><\/p>\n<p>Recht, \u00fcber die Verarbeitung der Daten informiert zu werden, auf sie zuzugreifen und Informationen \u00fcber ihre Verarbeitung zu erhalten und eine Kopie davon anzufordern.<\/p>\n<p>&nbsp;<\/p>\n<p>Recht auf Berichtigung<\/p>\n<p>Recht, eine Korrektur oder Vervollst\u00e4ndigung der Daten zu verlangen.<\/p>\n<p>&nbsp;<\/p>\n<p><b>Recht auf L\u00f6schung<\/b><\/p>\n<p>Recht, die L\u00f6schung der Daten zu beantragen. Diesem Recht werden wir nachkommen:<\/p>\n<p>&#8211; Wenn die Daten f\u00fcr die Zwecke, f\u00fcr die sie erhoben wurden, nicht mehr erforderlich sind.<\/p>\n<p>&#8211; Wenn Sie Ihr Widerspruchsrecht aus\u00fcben.<\/p>\n<p>&#8211; Wenn die Daten unrechtm\u00e4\u00dfig verarbeitet wurden.<\/p>\n<p>&#8211; Wenn die Daten gel\u00f6scht werden m\u00fcssen, um einer gesetzlichen Verpflichtung nachzukommen.<\/p>\n<p>&nbsp;<\/p>\n<p><b>Recht auf Einschr\u00e4nkung der Verarbeitung<\/b><\/p>\n<p>Sie haben das Recht, die Verarbeitung der Daten einzuschr\u00e4nken. Dieses Recht ist erf\u00fcllt:<\/p>\n<p>&#8211; Wenn Sie die Richtigkeit der Daten in Frage stellen.<\/p>\n<p>&#8211; Wenn die Verarbeitung gesetzeswidrig ist und Sie verlangen, statt der L\u00f6schung die Verwendung der Daten einzuschr\u00e4nken.<\/p>\n<p>&#8211; Wenn Sie von Ihrem Widerspruchsrecht Gebrauch machen, bis wir gepr\u00fcft haben, ob die legitimen Gr\u00fcnde f\u00fcr ihre Verarbeitung Vorrang vor Ihren Interessen, Rechten und Freiheiten haben.<\/p>\n<p>&nbsp;<\/p>\n<p><b>Recht auf \u00dcbertragbarkeit<\/b><\/p>\n<p>Recht auf Erhalt der Daten, die wir f\u00fcr die Erf\u00fcllung des Vertrags zwischen uns oder mit Ihrer Zustimmung verarbeiten, in einem strukturierten, allgemein verwendeten und maschinenlesbaren Format sowie auf Anforderung der \u00dcbermittlung an Sie oder eine andere Person, die ihre Verarbeitung vornimmt. Voraussetzung f\u00fcr eine solche \u00dcbermittlung ist, dass Sie Ihren finanziellen Verpflichtungen, wie sie sich aus dem Dienstleistungsvertrag zwischen uns ergeben, nachgekommen sind.<\/p>\n<p>&nbsp;<\/p>\n<p><b>Recht auf Widerspruch <\/b><\/p>\n<p>Recht auf Widerspruch gegen die Verarbeitung von Daten, die f\u00fcr die Zwecke unserer legitimen Interessen oder f\u00fcr Dritte gemacht wurden.<\/p>\n<p>&nbsp;<\/p>\n<p><b>Recht auf Widerruf Ihrer Einwilligung<\/b><\/p>\n<p>Wenn wir die Daten nach Ihrer Zustimmung verarbeiten, haben Sie das Recht, diese jederzeit zu widerrufen, indem Sie sich an die Kontaktdaten unseres Unternehmens wenden.<\/p>\n<p>&nbsp;<\/p>\n<p><b>3. Wie man sie aus\u00fcbt<\/b><\/p>\n<p>Sie k\u00f6nnen Ihre Rechte geb\u00fchrenfrei aus\u00fcben, indem Sie einen Antrag stellen an<\/p>\n<p>ALPHABIO LTD<\/p>\n<p>Industriepark oder Thermi, Thessaloniki, 57001<\/p>\n<p>Telefonnummer: +30 2310 47 81 47<\/p>\n<p>Fax: +30 2310 47 81 49<\/p>\n<p>E-Mail: thessaloniki@alpha-bioenergy.com<\/p>\n<p>Sie werden innerhalb eines Monats nach Eingang Ihres Antrags \u00fcber den Fortgang der Bearbeitung informiert, es sei denn, der Antrag ist sehr komplex oder es gibt Gr\u00fcnde f\u00fcr eine erh\u00f6hte Anzahl von Antr\u00e4gen. In F\u00e4llen, in denen es berechtigte Gr\u00fcnde gibt, die uns daran hindern, dem Ersuchen nachzukommen, werden wir Sie \u00fcber die Gr\u00fcnde f\u00fcr unsere Ablehnung informieren.<\/p>\n<p>&nbsp;<\/p>\n<p><b>4. Einreichen einer Beschwerde bei der Datenschutzbeh\u00f6rde<\/b><\/p>\n<p>Sie haben das Recht, bei der Datenschutzbeh\u00f6rde eine Beschwerde einzureichen, wenn Sie der Meinung sind, dass Ihre Daten gesetzeswidrig verarbeitet werden. Die Daten der Beh\u00f6rde sind:<\/p>\n<p>Anschrift: Kifisias 1-3, S.C. 115 23, Athen<\/p>\n<p>Telefonnummer: (0030) 210 6475600<\/p>\n<p>Fax: (0030) 210 6475628<\/p>\n<p>\u0395-mail: <span style=\"color: #0000ff;\"><u><a href=\"mailto:contact@dpa.gr\">contact@dpa.gr<\/a><\/u><\/span><\/p>\n<p>&nbsp;<\/p>\n<p><b>5. Anwendbares Recht &#8211; Gerichtsstand<\/b><\/p>\n<p>Diese Nutzungsbedingungen und deren \u00c4nderungen unterliegen ausschlie\u00dflich dem griechischen Recht. F\u00fcr alle Streitigkeiten, die sich aus dieser Vereinbarung oder aus der Ausf\u00fchrung oder Auslegung dieser Vereinbarung oder eines Teils davon als ausschlie\u00dflich zust\u00e4ndig ergeben, sind die Gerichte von Thessaloniki, in welchem Grad und in welcher Gerichtsbarkeit auch immer, f\u00fcr jeden, der in irgendeiner Weise und aus welchem Grund auch immer mit der Website oder ihrem Inhalt in Kontakt steht, zust\u00e4ndig, auch wenn der Zugriff auf die Website von einem Land au\u00dferhalb Griechenlands aus erfolgt. Sollte eine der oben genannten Bedingungen durch einen Gerichtsbeschluss oder eine Entscheidung einer zust\u00e4ndigen Beh\u00f6rde f\u00fcr ung\u00fcltig oder nicht anwendbar erkl\u00e4rt werden wollen, so ber\u00fchrt dies nicht die G\u00fcltigkeit und G\u00fcltigkeit der \u00fcbrigen Bedingungen, die in vollem Umfang in Kraft bleiben und weiterhin voll g\u00fcltig sind. Jegliche Unf\u00e4higkeit zur Anwendung oder Nichtaus\u00fcbung einer Bedingung durch ALPH BIO Ltd. gilt nicht als Verzicht auf die Rechte oder das zuk\u00fcnftige Recht, diese Bedingungen aufzuerlegen.[\/vc_column_text][\/vc_column][\/vc_row]<\/p>\n<\/div>","protected":false},"excerpt":{"rendered":"<p>[vc_row css_animation=&#8220;&#8220; row_type=&#8220;row&#8220; use_row_as_full_screen_section=&#8220;no&#8220; type=&#8220;full_width&#8220; angled_section=&#8220;no&#8220; text_align=&#8220;left&#8220; background_image_as_pattern=&#8220;without_pattern&#8220;][vc_column][vc_column_text]Das Unternehmen verpflichtet sich und hat alle notwendigen Ma\u00dfnahmen ergriffen, um die pers\u00f6nlichen Daten, die die Benutzer \u00fcber das Netzwerk zur Verf\u00fcgung stellen, in \u00dcbereinstimmung mit der Verordnung Nr. 2016\/679 GDPR und Unter-Nr. zu sch\u00fctzen. Gesetz 4624\/2019. Die&#8230;<\/p>\n","protected":false},"author":1,"featured_media":0,"parent":0,"menu_order":0,"comment_status":"closed","ping_status":"closed","template":"","meta":{"footnotes":""},"yoast_head":"<!-- This site is optimized with the Yoast SEO plugin v22.9 - https:\/\/yoast.com\/wordpress\/plugins\/seo\/ -->\n<title>NUTZUNGSBEDINGUNGEN - Abio<\/title>\n<meta name=\"robots\" content=\"index, follow, max-snippet:-1, max-image-preview:large, max-video-preview:-1\" \/>\n<link rel=\"canonical\" href=\"https:\/\/alpha-bioenergy.com\/privacy-policy\/\" \/>\n<meta property=\"og:locale\" content=\"de_DE\" \/>\n<meta property=\"og:type\" content=\"article\" \/>\n<meta property=\"og:title\" content=\"NUTZUNGSBEDINGUNGEN - Abio\" \/>\n<meta property=\"og:description\" content=\"[vc_row css_animation=&#8220;&#8220; row_type=&#8220;row&#8220; use_row_as_full_screen_section=&#8220;no&#8220; type=&#8220;full_width&#8220; angled_section=&#8220;no&#8220; text_align=&#8220;left&#8220; background_image_as_pattern=&#8220;without_pattern&#8220;][vc_column][vc_column_text]Das Unternehmen verpflichtet sich und hat alle notwendigen Ma\u00dfnahmen ergriffen, um die pers\u00f6nlichen Daten, die die Benutzer \u00fcber das Netzwerk zur Verf\u00fcgung stellen, in \u00dcbereinstimmung mit der Verordnung Nr. 2016\/679 GDPR und Unter-Nr. zu sch\u00fctzen. Gesetz 4624\/2019. Die...\" \/>\n<meta property=\"og:url\" content=\"https:\/\/alpha-bioenergy.com\/privacy-policy\/\" \/>\n<meta property=\"og:site_name\" content=\"Abio\" \/>\n<meta property=\"article:modified_time\" content=\"2020-05-29T07:25:28+00:00\" \/>\n<meta name=\"twitter:card\" content=\"summary_large_image\" \/>\n<meta name=\"twitter:label1\" content=\"Gesch\u00e4tzte Lesezeit\" \/>\n\t<meta name=\"twitter:data1\" content=\"6\u00a0Minuten\" \/>\n<script type=\"application\/ld+json\" class=\"yoast-schema-graph\">{\"@context\":\"https:\/\/schema.org\",\"@graph\":[{\"@type\":\"WebPage\",\"@id\":\"https:\/\/alpha-bioenergy.com\/privacy-policy\/\",\"url\":\"https:\/\/alpha-bioenergy.com\/privacy-policy\/\",\"name\":\"NUTZUNGSBEDINGUNGEN - Abio\",\"isPartOf\":{\"@id\":\"https:\/\/alpha-bioenergy.com\/#website\"},\"datePublished\":\"2020-05-28T14:44:20+00:00\",\"dateModified\":\"2020-05-29T07:25:28+00:00\",\"breadcrumb\":{\"@id\":\"https:\/\/alpha-bioenergy.com\/privacy-policy\/#breadcrumb\"},\"inLanguage\":\"de\",\"potentialAction\":[{\"@type\":\"ReadAction\",\"target\":[\"https:\/\/alpha-bioenergy.com\/privacy-policy\/\"]}]},{\"@type\":\"BreadcrumbList\",\"@id\":\"https:\/\/alpha-bioenergy.com\/privacy-policy\/#breadcrumb\",\"itemListElement\":[{\"@type\":\"ListItem\",\"position\":1,\"name\":\"Home\",\"item\":\"https:\/\/alpha-bioenergy.com\/de\/\"},{\"@type\":\"ListItem\",\"position\":2,\"name\":\"NUTZUNGSBEDINGUNGEN\"}]},{\"@type\":\"WebSite\",\"@id\":\"https:\/\/alpha-bioenergy.com\/#website\",\"url\":\"https:\/\/alpha-bioenergy.com\/\",\"name\":\"Abio\",\"description\":\"Wastewater Treatment\",\"potentialAction\":[{\"@type\":\"SearchAction\",\"target\":{\"@type\":\"EntryPoint\",\"urlTemplate\":\"https:\/\/alpha-bioenergy.com\/?s={search_term_string}\"},\"query-input\":\"required name=search_term_string\"}],\"inLanguage\":\"de\"}]}<\/script>\n<!-- \/ Yoast SEO plugin. -->","yoast_head_json":{"title":"NUTZUNGSBEDINGUNGEN - Abio","robots":{"index":"index","follow":"follow","max-snippet":"max-snippet:-1","max-image-preview":"max-image-preview:large","max-video-preview":"max-video-preview:-1"},"canonical":"https:\/\/alpha-bioenergy.com\/privacy-policy\/","og_locale":"de_DE","og_type":"article","og_title":"NUTZUNGSBEDINGUNGEN - Abio","og_description":"[vc_row css_animation=&#8220;&#8220; row_type=&#8220;row&#8220; use_row_as_full_screen_section=&#8220;no&#8220; type=&#8220;full_width&#8220; angled_section=&#8220;no&#8220; text_align=&#8220;left&#8220; background_image_as_pattern=&#8220;without_pattern&#8220;][vc_column][vc_column_text]Das Unternehmen verpflichtet sich und hat alle notwendigen Ma\u00dfnahmen ergriffen, um die pers\u00f6nlichen Daten, die die Benutzer \u00fcber das Netzwerk zur Verf\u00fcgung stellen, in \u00dcbereinstimmung mit der Verordnung Nr. 2016\/679 GDPR und Unter-Nr. zu sch\u00fctzen. Gesetz 4624\/2019. Die...","og_url":"https:\/\/alpha-bioenergy.com\/privacy-policy\/","og_site_name":"Abio","article_modified_time":"2020-05-29T07:25:28+00:00","twitter_card":"summary_large_image","twitter_misc":{"Gesch\u00e4tzte Lesezeit":"6\u00a0Minuten"},"schema":{"@context":"https:\/\/schema.org","@graph":[{"@type":"WebPage","@id":"https:\/\/alpha-bioenergy.com\/privacy-policy\/","url":"https:\/\/alpha-bioenergy.com\/privacy-policy\/","name":"NUTZUNGSBEDINGUNGEN - Abio","isPartOf":{"@id":"https:\/\/alpha-bioenergy.com\/#website"},"datePublished":"2020-05-28T14:44:20+00:00","dateModified":"2020-05-29T07:25:28+00:00","breadcrumb":{"@id":"https:\/\/alpha-bioenergy.com\/privacy-policy\/#breadcrumb"},"inLanguage":"de","potentialAction":[{"@type":"ReadAction","target":["https:\/\/alpha-bioenergy.com\/privacy-policy\/"]}]},{"@type":"BreadcrumbList","@id":"https:\/\/alpha-bioenergy.com\/privacy-policy\/#breadcrumb","itemListElement":[{"@type":"ListItem","position":1,"name":"Home","item":"https:\/\/alpha-bioenergy.com\/de\/"},{"@type":"ListItem","position":2,"name":"NUTZUNGSBEDINGUNGEN"}]},{"@type":"WebSite","@id":"https:\/\/alpha-bioenergy.com\/#website","url":"https:\/\/alpha-bioenergy.com\/","name":"Abio","description":"Wastewater Treatment","potentialAction":[{"@type":"SearchAction","target":{"@type":"EntryPoint","urlTemplate":"https:\/\/alpha-bioenergy.com\/?s={search_term_string}"},"query-input":"required name=search_term_string"}],"inLanguage":"de"}]}},"_links":{"self":[{"href":"https:\/\/alpha-bioenergy.com\/de\/wp-json\/wp\/v2\/pages\/1476"}],"collection":[{"href":"https:\/\/alpha-bioenergy.com\/de\/wp-json\/wp\/v2\/pages"}],"about":[{"href":"https:\/\/alpha-bioenergy.com\/de\/wp-json\/wp\/v2\/types\/page"}],"author":[{"embeddable":true,"href":"https:\/\/alpha-bioenergy.com\/de\/wp-json\/wp\/v2\/users\/1"}],"replies":[{"embeddable":true,"href":"https:\/\/alpha-bioenergy.com\/de\/wp-json\/wp\/v2\/comments?post=1476"}],"version-history":[{"count":2,"href":"https:\/\/alpha-bioenergy.com\/de\/wp-json\/wp\/v2\/pages\/1476\/revisions"}],"predecessor-version":[{"id":1478,"href":"https:\/\/alpha-bioenergy.com\/de\/wp-json\/wp\/v2\/pages\/1476\/revisions\/1478"}],"wp:attachment":[{"href":"https:\/\/alpha-bioenergy.com\/de\/wp-json\/wp\/v2\/media?parent=1476"}],"curies":[{"name":"wp","href":"https:\/\/api.w.org\/{rel}","templated":true}]}}