{"id":1651,"date":"2018-06-25T13:58:40","date_gmt":"2018-06-25T10:58:40","guid":{"rendered":"https:\/\/alpha-bioenergy.com\/faqs\/"},"modified":"2020-06-08T16:14:41","modified_gmt":"2020-06-08T13:14:41","slug":"faqs","status":"publish","type":"page","link":"https:\/\/alpha-bioenergy.com\/de\/faqs\/","title":{"rendered":"FAQs"},"content":{"rendered":"<div class=\"wpb-content-wrapper\"><p>[vc_row css_animation=&#8220;&#8220; row_type=&#8220;row&#8220; use_row_as_full_screen_section=&#8220;no&#8220; type=&#8220;full_width&#8220; angled_section=&#8220;no&#8220; text_align=&#8220;left&#8220; background_image_as_pattern=&#8220;without_pattern&#8220;][vc_column]<div class=\"qode-accordion-holder clearfix qode-accordion qode-initial \">\n\t<h2 class=\"clearfix qode-title-holder\">\n<span class=\"qode-tab-title\">\n\t\t\t<span class=\"qode-tab-title-icon\">\n\t\t\t<i class=\"qode_icon_font_awesome fa fa-arrow-right \" ><\/i>\t\t<\/span>\n\t    <span class=\"qode-tab-title-inner\">\n        Was ist Bioaugmentation?    <\/span>\n<\/span>\n<span class=\"qode-accordion-mark\">\n    <span class=\"qode-accordion-mark-icon\">\n        <span class=\"icon_plus\"><\/span>\n        <span class=\"icon_minus-06\"><\/span>\n    <\/span>\n<\/span>\n<\/h2>\n<div  class=\"qode-accordion-content qode-acc-title-with-icon\" >\n    <div class=\"qode-accordion-content-inner\">\n        [vc_column_text]Die Bioaugmentation ist eine innovative Technologie zur Steigerung der Gesamtleistung eines biologischen Abwasserreinigungsprozesses unter Verwendung ausgew\u00e4hlter Bakterienkulturen in speziell formulierten Produkten, die darauf abzielt, die vorhandene mikrobielle Flora einer bestimmten Kl\u00e4ranlage im Hinblick auf die Effizienz der Entfernung der Zulauffracht zu verbessern, die Eigenschaften der Biomasse zu verbessern, den Prozess so zu verbessern, dass er effektiv auf Zulaufschwankungen und starke \u00dcberlastungen reagieren kann, biologisch schwer abbaubare Schadstoffe zu entfernen und die Nebenprodukte der Behandlung (z.B. Kl\u00e4rschlamm) zu reduzieren.<br \/>\n[\/vc_column_text]    <\/div>\n<\/div><h2 class=\"clearfix qode-title-holder\">\n<span class=\"qode-tab-title\">\n\t\t\t<span class=\"qode-tab-title-icon\">\n\t\t\t<i class=\"qode_icon_font_awesome fa fa-arrow-right \" ><\/i>\t\t<\/span>\n\t    <span class=\"qode-tab-title-inner\">\n        In welcher Art von Behandlungsanlagen kann es eingesetzt werden?    <\/span>\n<\/span>\n<span class=\"qode-accordion-mark\">\n    <span class=\"qode-accordion-mark-icon\">\n        <span class=\"icon_plus\"><\/span>\n        <span class=\"icon_minus-06\"><\/span>\n    <\/span>\n<\/span>\n<\/h2>\n<div  class=\"qode-accordion-content qode-acc-title-with-icon\" >\n    <div class=\"qode-accordion-content-inner\">\n        [vc_column_text]Die Bioaugmentationstechnologie kann auf verschiedene Arten von Abwasserbehandlungsanlagen angewendet werden, wie z.B. konventionelle Belebtschlammbehandlung, Karussellanlagen, Sequencing Batch Reactors (SBRs), Membranbioreaktoren (MBRs), Moving Bed Biological Reactors (MBBRs), anaerobe Fermenter usw.<br \/>\n[\/vc_column_text]    <\/div>\n<\/div><h2 class=\"clearfix qode-title-holder\">\n<span class=\"qode-tab-title\">\n\t\t\t<span class=\"qode-tab-title-icon\">\n\t\t\t<i class=\"qode_icon_font_awesome fa fa-arrow-right \" ><\/i>\t\t<\/span>\n\t    <span class=\"qode-tab-title-inner\">\n        Bei welcher Art von Abwasser kann es eingesetzt werden?    <\/span>\n<\/span>\n<span class=\"qode-accordion-mark\">\n    <span class=\"qode-accordion-mark-icon\">\n        <span class=\"icon_plus\"><\/span>\n        <span class=\"icon_minus-06\"><\/span>\n    <\/span>\n<\/span>\n<\/h2>\n<div  class=\"qode-accordion-content qode-acc-title-with-icon\" >\n    <div class=\"qode-accordion-content-inner\">\n        [vc_column_text]Die Bioaugmentationstechnologie kann auf verschiedene Arten von Abw\u00e4ssern angewendet werden, wie z.B. h\u00e4usliche Abw\u00e4sser, industrielle Mischabw\u00e4sser (industrielle Verarbeitungsanlagen), Industrieabf\u00e4lle aus Brauerei, Weinherstellung, Milchindustrie, Teigindustrie, Saft, Entk\u00f6rnung, anaerobe G\u00e4rreste, Tafelolivenproduktion, \u00f6lhaltige Schl\u00e4mme, Deponiesickerwasser usw.<br \/>\n[\/vc_column_text]    <\/div>\n<\/div><h2 class=\"clearfix qode-title-holder\">\n<span class=\"qode-tab-title\">\n\t\t\t<span class=\"qode-tab-title-icon\">\n\t\t\t<i class=\"qode_icon_font_awesome fa fa-arrow-right \" ><\/i>\t\t<\/span>\n\t    <span class=\"qode-tab-title-inner\">\n        Welche sind die Bestandteile des Bioaugmentationsprodukts?    <\/span>\n<\/span>\n<span class=\"qode-accordion-mark\">\n    <span class=\"qode-accordion-mark-icon\">\n        <span class=\"icon_plus\"><\/span>\n        <span class=\"icon_minus-06\"><\/span>\n    <\/span>\n<\/span>\n<\/h2>\n<div  class=\"qode-accordion-content qode-acc-title-with-icon\" >\n    <div class=\"qode-accordion-content-inner\">\n        [vc_column_text]Es besteht aus einer Bakterienmischkultur, die auf einem N\u00e4hrmedium fixiert ist und aktiviert wird, wenn sie in die Wasserumgebung gegeben wird.<br \/>\n[\/vc_column_text]    <\/div>\n<\/div><h2 class=\"clearfix qode-title-holder\">\n<span class=\"qode-tab-title\">\n\t\t\t<span class=\"qode-tab-title-icon\">\n\t\t\t<i class=\"qode_icon_font_awesome fa fa-arrow-right \" ><\/i>\t\t<\/span>\n\t    <span class=\"qode-tab-title-inner\">\n        Erfordert das Produkt eine besondere Handhabung?    <\/span>\n<\/span>\n<span class=\"qode-accordion-mark\">\n    <span class=\"qode-accordion-mark-icon\">\n        <span class=\"icon_plus\"><\/span>\n        <span class=\"icon_minus-06\"><\/span>\n    <\/span>\n<\/span>\n<\/h2>\n<div  class=\"qode-accordion-content qode-acc-title-with-icon\" >\n    <div class=\"qode-accordion-content-inner\">\n        [vc_column_text]Das Produkt bedarf keines besonderen Schutzes. Es ist f\u00fcr den Menschen v\u00f6llig sicher und wird von einem Sicherheitsdatenblatt (MSDS) begleitet, das vom Hersteller ausgestellt und unterzeichnet ist. Die verwendeten Mikroorganismen sind nicht tierischen Ursprungs, nicht pathogen und nicht genetisch ver\u00e4ndert.<br \/>\n[\/vc_column_text]    <\/div>\n<\/div><h2 class=\"clearfix qode-title-holder\">\n<span class=\"qode-tab-title\">\n\t\t\t<span class=\"qode-tab-title-icon\">\n\t\t\t<i class=\"qode_icon_font_awesome fa fa-arrow-right \" ><\/i>\t\t<\/span>\n\t    <span class=\"qode-tab-title-inner\">\n        Wie wird die Technologie in der Praxis angewendet?    <\/span>\n<\/span>\n<span class=\"qode-accordion-mark\">\n    <span class=\"qode-accordion-mark-icon\">\n        <span class=\"icon_plus\"><\/span>\n        <span class=\"icon_minus-06\"><\/span>\n    <\/span>\n<\/span>\n<\/h2>\n<div  class=\"qode-accordion-content qode-acc-title-with-icon\" >\n    <div class=\"qode-accordion-content-inner\">\n        [vc_column_text]Die Technologie der Bioaugmentation basiert auf der kontinuierlichen Zugabe des Bakterienprodukts bei gleichzeitiger \u00c4nderung grundlegender Betriebsparameter des Kl\u00e4rsystems, falls erforderlich (z.B. Schlammalter, Biomassekonzentration, Gehalt an gel\u00f6stem Sauerstoff, Bildung abwechselnder anaerober\/anoxischer\/aerober Zonen usw.). Spezielle Ausr\u00fcstung und\/oder neue Infrastruktur ist nicht erforderlich.<br \/>\n[\/vc_column_text]    <\/div>\n<\/div><h2 class=\"clearfix qode-title-holder\">\n<span class=\"qode-tab-title\">\n\t\t\t<span class=\"qode-tab-title-icon\">\n\t\t\t<i class=\"qode_icon_font_awesome fa fa-arrow-right \" ><\/i>\t\t<\/span>\n\t    <span class=\"qode-tab-title-inner\">\n        Was sind die Vorteile der Anwendung der Bioaugmantationstechnologie?    <\/span>\n<\/span>\n<span class=\"qode-accordion-mark\">\n    <span class=\"qode-accordion-mark-icon\">\n        <span class=\"icon_plus\"><\/span>\n        <span class=\"icon_minus-06\"><\/span>\n    <\/span>\n<\/span>\n<\/h2>\n<div  class=\"qode-accordion-content qode-acc-title-with-icon\" >\n    <div class=\"qode-accordion-content-inner\">\n        [vc_column_text]Die potentiellen Vorteile der Implementierung der Technologie sind die Steigerung der Abbaurate des eingehenden organischen Substrats, die Erh\u00f6hung der Anlagenkapazit\u00e4t, der Abbau und die Eliminierung von Fetten-\u00d6len-Fetten, die Verbesserung der Abwasserqualit\u00e4t, die verbesserten Eigenschaften des Belebtschlamms (z.B. Absetzen, Entw\u00e4sserung), die Beseitigung von Ger\u00fcchen, die Reduzierung des Energieverbrauchs und die Verringerung des \u00dcberschussschlamms.<br \/>\n[\/vc_column_text]    <\/div>\n<\/div><h2 class=\"clearfix qode-title-holder\">\n<span class=\"qode-tab-title\">\n\t\t\t<span class=\"qode-tab-title-icon\">\n\t\t\t<i class=\"qode_icon_font_awesome fa fa-arrow-right \" ><\/i>\t\t<\/span>\n\t    <span class=\"qode-tab-title-inner\">\n        Wie wirken die Bakterien in einer bestehenden Kl\u00e4ranlage?    <\/span>\n<\/span>\n<span class=\"qode-accordion-mark\">\n    <span class=\"qode-accordion-mark-icon\">\n        <span class=\"icon_plus\"><\/span>\n        <span class=\"icon_minus-06\"><\/span>\n    <\/span>\n<\/span>\n<\/h2>\n<div  class=\"qode-accordion-content qode-acc-title-with-icon\" >\n    <div class=\"qode-accordion-content-inner\">\n        [vc_column_text]Die verwendeten Spezialst\u00e4mme sind so ausgew\u00e4hlt, dass sie den gr\u00f6\u00dften Teil des organischen Substrats in CO2 und Wasser umwandeln, w\u00e4hrend ein kleinerer Anteil in neue Biomasse eingearbeitet wird, im Vergleich zu gew\u00f6hnlichen heterotrophen Bakterien, die herk\u00f6mmliche Belebtschlammsysteme dominieren. Die Produktmikron\u00e4hrstoffe stimulieren die biologische Aktivit\u00e4t innerhalb der Belebtschlammflocken, wo die Sauerstoffdurchdringung begrenzt ist, so dass lokal anoxische\/anaerobe Bedingungen vorherrschen, was im Vergleich zu rein aeroben Bedingungen zu einem Abbau der organischen Bestandteile mit verminderter Biomasseertragsproduktion f\u00fchrt. Au\u00dferdem kann aufgrund des reichen hydrolytischen Potentials der verwendeten Spezialst\u00e4mme ein gr\u00f6\u00dferer Teil der im Abwasser enthaltenen biologisch schwer abbaubaren Feststoffe &#8211; die ohne Umwandlung mit dem prim\u00e4ren oder sekund\u00e4ren \u00dcberschussschlammstrom entfernt worden w\u00e4ren &#8211; durch Anwendung der Bioaugmentationstechnik teilweise oder vollst\u00e4ndig hydrolysiert werden, wodurch sie dem biologischen Abbau zug\u00e4nglich werden, so dass schlie\u00dflich nur ein Teil in Biofeststoffe umgewandelt wird, w\u00e4hrend der gr\u00f6\u00dfte Teil biologisch abgebaut wird. Schlie\u00dflich sind sie aufgrund des Metabolismus der hinzugef\u00fcgten St\u00e4mme (fakultativ anaerob) in der Lage, unter Sauerstoffbegrenzungsbedingungen (anaerob und anoxisch) zu wachsen, so dass die Verl\u00e4ngerung der nicht bel\u00fcfteten Zonen im biologischen Hauptreaktor m\u00f6glich ist, was zu erheblichen Energieeinsparungen f\u00fchrt.[\/vc_column_text]    <\/div>\n<\/div><\/div>[\/vc_column][\/vc_row][vc_row css_animation=&#8220;&#8220; row_type=&#8220;row&#8220; use_row_as_full_screen_section=&#8220;no&#8220; type=&#8220;full_width&#8220; angled_section=&#8220;no&#8220; text_align=&#8220;left&#8220; background_image_as_pattern=&#8220;without_pattern&#8220;][vc_column][vc_empty_space height=&#8220;50px&#8220;][\/vc_column][\/vc_row]<\/p>\n<\/div>","protected":false},"excerpt":{"rendered":"<p>[vc_row css_animation=&#8220;&#8220; row_type=&#8220;row&#8220; use_row_as_full_screen_section=&#8220;no&#8220; type=&#8220;full_width&#8220; angled_section=&#8220;no&#8220; text_align=&#8220;left&#8220; background_image_as_pattern=&#8220;without_pattern&#8220;][vc_column][\/vc_column][\/vc_row][vc_row css_animation=&#8220;&#8220; row_type=&#8220;row&#8220; use_row_as_full_screen_section=&#8220;no&#8220; type=&#8220;full_width&#8220; angled_section=&#8220;no&#8220; text_align=&#8220;left&#8220; background_image_as_pattern=&#8220;without_pattern&#8220;][vc_column][vc_empty_space height=&#8220;50px&#8220;][\/vc_column][\/vc_row]<\/p>\n","protected":false},"author":1,"featured_media":0,"parent":0,"menu_order":0,"comment_status":"closed","ping_status":"open","template":"","meta":{"footnotes":""},"yoast_head":"<!-- This site is optimized with the Yoast SEO plugin v22.9 - https:\/\/yoast.com\/wordpress\/plugins\/seo\/ -->\n<title>FAQs<\/title>\n<meta name=\"robots\" content=\"index, follow, max-snippet:-1, max-image-preview:large, max-video-preview:-1\" \/>\n<link rel=\"canonical\" href=\"https:\/\/alpha-bioenergy.com\/faqs\/\" \/>\n<meta property=\"og:locale\" content=\"de_DE\" \/>\n<meta property=\"og:type\" content=\"article\" \/>\n<meta property=\"og:title\" content=\"FAQs\" \/>\n<meta property=\"og:description\" content=\"[vc_row css_animation=&#8220;&#8220; row_type=&#8220;row&#8220; use_row_as_full_screen_section=&#8220;no&#8220; type=&#8220;full_width&#8220; angled_section=&#8220;no&#8220; text_align=&#8220;left&#8220; background_image_as_pattern=&#8220;without_pattern&#8220;][vc_column][\/vc_column][\/vc_row][vc_row css_animation=&#8220;&#8220; row_type=&#8220;row&#8220; use_row_as_full_screen_section=&#8220;no&#8220; type=&#8220;full_width&#8220; angled_section=&#8220;no&#8220; text_align=&#8220;left&#8220; background_image_as_pattern=&#8220;without_pattern&#8220;][vc_column][vc_empty_space height=&#8220;50px&#8220;][\/vc_column][\/vc_row]\" \/>\n<meta property=\"og:url\" content=\"https:\/\/alpha-bioenergy.com\/faqs\/\" \/>\n<meta property=\"og:site_name\" content=\"Abio\" \/>\n<meta property=\"article:modified_time\" content=\"2020-06-08T13:14:41+00:00\" \/>\n<meta name=\"twitter:card\" content=\"summary_large_image\" \/>\n<meta name=\"twitter:label1\" content=\"Gesch\u00e4tzte Lesezeit\" \/>\n\t<meta name=\"twitter:data1\" content=\"4\u00a0Minuten\" \/>\n<script type=\"application\/ld+json\" class=\"yoast-schema-graph\">{\"@context\":\"https:\/\/schema.org\",\"@graph\":[{\"@type\":\"WebPage\",\"@id\":\"https:\/\/alpha-bioenergy.com\/faqs\/\",\"url\":\"https:\/\/alpha-bioenergy.com\/faqs\/\",\"name\":\"FAQs\",\"isPartOf\":{\"@id\":\"https:\/\/alpha-bioenergy.com\/#website\"},\"datePublished\":\"2018-06-25T10:58:40+00:00\",\"dateModified\":\"2020-06-08T13:14:41+00:00\",\"breadcrumb\":{\"@id\":\"https:\/\/alpha-bioenergy.com\/faqs\/#breadcrumb\"},\"inLanguage\":\"de\",\"potentialAction\":[{\"@type\":\"ReadAction\",\"target\":[\"https:\/\/alpha-bioenergy.com\/faqs\/\"]}]},{\"@type\":\"BreadcrumbList\",\"@id\":\"https:\/\/alpha-bioenergy.com\/faqs\/#breadcrumb\",\"itemListElement\":[{\"@type\":\"ListItem\",\"position\":1,\"name\":\"Home\",\"item\":\"https:\/\/alpha-bioenergy.com\/de\/\"},{\"@type\":\"ListItem\",\"position\":2,\"name\":\"FAQs\"}]},{\"@type\":\"WebSite\",\"@id\":\"https:\/\/alpha-bioenergy.com\/#website\",\"url\":\"https:\/\/alpha-bioenergy.com\/\",\"name\":\"Abio\",\"description\":\"Wastewater Treatment\",\"potentialAction\":[{\"@type\":\"SearchAction\",\"target\":{\"@type\":\"EntryPoint\",\"urlTemplate\":\"https:\/\/alpha-bioenergy.com\/?s={search_term_string}\"},\"query-input\":\"required name=search_term_string\"}],\"inLanguage\":\"de\"}]}<\/script>\n<!-- \/ Yoast SEO plugin. -->","yoast_head_json":{"title":"FAQs","robots":{"index":"index","follow":"follow","max-snippet":"max-snippet:-1","max-image-preview":"max-image-preview:large","max-video-preview":"max-video-preview:-1"},"canonical":"https:\/\/alpha-bioenergy.com\/faqs\/","og_locale":"de_DE","og_type":"article","og_title":"FAQs","og_description":"[vc_row css_animation=&#8220;&#8220; row_type=&#8220;row&#8220; use_row_as_full_screen_section=&#8220;no&#8220; type=&#8220;full_width&#8220; angled_section=&#8220;no&#8220; text_align=&#8220;left&#8220; background_image_as_pattern=&#8220;without_pattern&#8220;][vc_column][\/vc_column][\/vc_row][vc_row css_animation=&#8220;&#8220; row_type=&#8220;row&#8220; use_row_as_full_screen_section=&#8220;no&#8220; type=&#8220;full_width&#8220; angled_section=&#8220;no&#8220; text_align=&#8220;left&#8220; background_image_as_pattern=&#8220;without_pattern&#8220;][vc_column][vc_empty_space height=&#8220;50px&#8220;][\/vc_column][\/vc_row]","og_url":"https:\/\/alpha-bioenergy.com\/faqs\/","og_site_name":"Abio","article_modified_time":"2020-06-08T13:14:41+00:00","twitter_card":"summary_large_image","twitter_misc":{"Gesch\u00e4tzte Lesezeit":"4\u00a0Minuten"},"schema":{"@context":"https:\/\/schema.org","@graph":[{"@type":"WebPage","@id":"https:\/\/alpha-bioenergy.com\/faqs\/","url":"https:\/\/alpha-bioenergy.com\/faqs\/","name":"FAQs","isPartOf":{"@id":"https:\/\/alpha-bioenergy.com\/#website"},"datePublished":"2018-06-25T10:58:40+00:00","dateModified":"2020-06-08T13:14:41+00:00","breadcrumb":{"@id":"https:\/\/alpha-bioenergy.com\/faqs\/#breadcrumb"},"inLanguage":"de","potentialAction":[{"@type":"ReadAction","target":["https:\/\/alpha-bioenergy.com\/faqs\/"]}]},{"@type":"BreadcrumbList","@id":"https:\/\/alpha-bioenergy.com\/faqs\/#breadcrumb","itemListElement":[{"@type":"ListItem","position":1,"name":"Home","item":"https:\/\/alpha-bioenergy.com\/de\/"},{"@type":"ListItem","position":2,"name":"FAQs"}]},{"@type":"WebSite","@id":"https:\/\/alpha-bioenergy.com\/#website","url":"https:\/\/alpha-bioenergy.com\/","name":"Abio","description":"Wastewater Treatment","potentialAction":[{"@type":"SearchAction","target":{"@type":"EntryPoint","urlTemplate":"https:\/\/alpha-bioenergy.com\/?s={search_term_string}"},"query-input":"required name=search_term_string"}],"inLanguage":"de"}]}},"_links":{"self":[{"href":"https:\/\/alpha-bioenergy.com\/de\/wp-json\/wp\/v2\/pages\/1651"}],"collection":[{"href":"https:\/\/alpha-bioenergy.com\/de\/wp-json\/wp\/v2\/pages"}],"about":[{"href":"https:\/\/alpha-bioenergy.com\/de\/wp-json\/wp\/v2\/types\/page"}],"author":[{"embeddable":true,"href":"https:\/\/alpha-bioenergy.com\/de\/wp-json\/wp\/v2\/users\/1"}],"replies":[{"embeddable":true,"href":"https:\/\/alpha-bioenergy.com\/de\/wp-json\/wp\/v2\/comments?post=1651"}],"version-history":[{"count":3,"href":"https:\/\/alpha-bioenergy.com\/de\/wp-json\/wp\/v2\/pages\/1651\/revisions"}],"predecessor-version":[{"id":1654,"href":"https:\/\/alpha-bioenergy.com\/de\/wp-json\/wp\/v2\/pages\/1651\/revisions\/1654"}],"wp:attachment":[{"href":"https:\/\/alpha-bioenergy.com\/de\/wp-json\/wp\/v2\/media?parent=1651"}],"curies":[{"name":"wp","href":"https:\/\/api.w.org\/{rel}","templated":true}]}}