{"id":1690,"date":"2018-09-04T16:05:27","date_gmt":"2018-09-04T13:05:27","guid":{"rendered":"https:\/\/alpha-bioenergy.com\/wwtp-operation-and-consulting\/"},"modified":"2020-06-08T17:25:50","modified_gmt":"2020-06-08T14:25:50","slug":"wwtp-operation-and-consulting","status":"publish","type":"page","link":"https:\/\/alpha-bioenergy.com\/de\/wwtp-operation-and-consulting\/","title":{"rendered":"KL\u00c4RANLAGENBETRIEB UND BERATUNG"},"content":{"rendered":"<div class=\"wpb-content-wrapper\"><p>[vc_row css_animation=&#8220;&#8220; row_type=&#8220;row&#8220; use_row_as_full_screen_section=&#8220;no&#8220; type=&#8220;full_width&#8220; angled_section=&#8220;no&#8220; text_align=&#8220;left&#8220; background_image_as_pattern=&#8220;without_pattern&#8220;][vc_column][vc_column_text]<img loading=\"lazy\" decoding=\"async\" class=\" wp-image-1017 alignleft\" src=\"https:\/\/alpha-bioenergy.com\/wp-content\/uploads\/2018\/10\/\u03bb\u03b5\u03b9\u03c4\u03bf\u03c5\u03c1\u03b3\u03af\u03b1-\u03b5\u03b5\u03bb-\u03c3\u03c5\u03bc\u03b2\u03bf\u03c5\u03bb\u03b5\u03c5\u03c4\u03b9\u03ba\u03ae-operation-consulting-icon.png\" alt=\"\" width=\"71\" height=\"101\" \/>Beratung ist ein Thema des gegenseitigen Vertrauens und hoherKompetenz. Unser Beratungsprogramm zur Abwasserbehandlung ist standortspezifisch und an den Anforderungen jedes Einzelfalls entsprechend angepasst. Unser spezialisiertes Team von Ingenieuren ist verantwortlich f\u00fcr die Durchf\u00fchrung von Audits, Evaluierungen von Kl\u00e4ranlagen und schl\u00e4gt Verbesserungen des Leistungsniveaus je nach Betriebsart vor. Zu den Dienstleistungen im Betrieb von Kl\u00e4ranlagen geh\u00f6ren unter anderem:[\/vc_column_text][vc_empty_space]<div class=\"q_icon_list\"><i class=\"qode_icon_font_awesome fa fa-arrow-circle-o-right qode-ili-icon-holder transparent\" style=\"color: #000000;\" ><\/i><p style=\"\">T\u00e4gliche \u00dcberwachung des Anlagenbetriebs durch Einsatz erfahrenem technischen Personals vor Ort<\/p><\/div><div class=\"q_icon_list\"><i class=\"qode_icon_font_awesome fa fa-arrow-circle-o-right qode-ili-icon-holder transparent\" style=\"color: #000000;\" ><\/i><p style=\"\">Kontinuierliche Projekt\u00fcberwachung durch unser Ingenieurteam<\/p><\/div><div class=\"q_icon_list\"><i class=\"qode_icon_font_awesome fa fa-arrow-circle-o-right qode-ili-icon-holder transparent\" style=\"color: #000000;\" ><\/i><p style=\"\">Angemessene Auswahl und Einstellung der wichtigsten Betriebsparameter der Anlage<\/p><\/div><div class=\"q_icon_list\"><i class=\"qode_icon_font_awesome fa fa-arrow-circle-o-right qode-ili-icon-holder transparent\" style=\"color: #000000;\" ><\/i><p style=\"\">Einrichtung eines Anlagen\u00fcberwachungsprogramms; Durchf\u00fchrung von Probenahmen und chemischen Analysen<\/p><\/div><div class=\"q_icon_list\"><i class=\"qode_icon_font_awesome fa fa-arrow-circle-o-right qode-ili-icon-holder transparent\" style=\"color: #000000;\" ><\/i><p style=\"\">Sofortige Intervention im Notfall<\/p><\/div><div class=\"q_icon_list\"><i class=\"qode_icon_font_awesome fa fa-arrow-circle-o-right qode-ili-icon-holder transparent\" style=\"color: #000000;\" ><\/i><p style=\"\">Regelm\u00e4\u00dfige technische Berichte mit Zusammenfassung der Anlagenleistungsergebnisse<\/p><\/div>[vc_empty_space][\/vc_column][\/vc_row]<\/p>\n<\/div>","protected":false},"excerpt":{"rendered":"<p>[vc_row css_animation=&#8220;&#8220; row_type=&#8220;row&#8220; use_row_as_full_screen_section=&#8220;no&#8220; type=&#8220;full_width&#8220; angled_section=&#8220;no&#8220; text_align=&#8220;left&#8220; background_image_as_pattern=&#8220;without_pattern&#8220;][vc_column][vc_column_text]Beratung ist ein Thema des gegenseitigen Vertrauens und hoherKompetenz. Unser Beratungsprogramm zur Abwasserbehandlung ist standortspezifisch und an den Anforderungen jedes Einzelfalls entsprechend angepasst. Unser spezialisiertes Team von Ingenieuren ist verantwortlich f\u00fcr die Durchf\u00fchrung von Audits, Evaluierungen von Kl\u00e4ranlagen&#8230;<\/p>\n","protected":false},"author":1,"featured_media":0,"parent":0,"menu_order":0,"comment_status":"closed","ping_status":"closed","template":"","meta":{"footnotes":""},"yoast_head":"<!-- This site is optimized with the Yoast SEO plugin v22.9 - https:\/\/yoast.com\/wordpress\/plugins\/seo\/ -->\n<title>KL\u00c4RANLAGENBETRIEB UND BERATUNG von Alphabio Ltd<\/title>\n<meta name=\"description\" content=\"Die kommunale Abwasserbehandlung steht im Mittelpunkt unserer Aktivit\u00e4ten. Implementierung in Kl\u00e4ranlagen, Kanalisationsnetzen. Fallstudien.\" \/>\n<meta name=\"robots\" content=\"index, follow, max-snippet:-1, max-image-preview:large, max-video-preview:-1\" \/>\n<link rel=\"canonical\" href=\"https:\/\/alpha-bioenergy.com\/wwtp-operation-and-consulting\/\" \/>\n<meta property=\"og:locale\" content=\"de_DE\" \/>\n<meta property=\"og:type\" content=\"article\" \/>\n<meta property=\"og:title\" content=\"KL\u00c4RANLAGENBETRIEB UND BERATUNG von Alphabio Ltd\" \/>\n<meta property=\"og:description\" content=\"Die kommunale Abwasserbehandlung steht im Mittelpunkt unserer Aktivit\u00e4ten. Implementierung in Kl\u00e4ranlagen, Kanalisationsnetzen. Fallstudien.\" \/>\n<meta property=\"og:url\" content=\"https:\/\/alpha-bioenergy.com\/wwtp-operation-and-consulting\/\" \/>\n<meta property=\"og:site_name\" content=\"Abio\" \/>\n<meta property=\"article:modified_time\" content=\"2020-06-08T14:25:50+00:00\" \/>\n<meta name=\"twitter:card\" content=\"summary_large_image\" \/>\n<meta name=\"twitter:label1\" content=\"Gesch\u00e4tzte Lesezeit\" \/>\n\t<meta name=\"twitter:data1\" content=\"1\u00a0Minute\" \/>\n<script type=\"application\/ld+json\" class=\"yoast-schema-graph\">{\"@context\":\"https:\/\/schema.org\",\"@graph\":[{\"@type\":\"WebPage\",\"@id\":\"https:\/\/alpha-bioenergy.com\/wwtp-operation-and-consulting\/\",\"url\":\"https:\/\/alpha-bioenergy.com\/wwtp-operation-and-consulting\/\",\"name\":\"KL\u00c4RANLAGENBETRIEB UND BERATUNG von Alphabio Ltd\",\"isPartOf\":{\"@id\":\"https:\/\/alpha-bioenergy.com\/#website\"},\"datePublished\":\"2018-09-04T13:05:27+00:00\",\"dateModified\":\"2020-06-08T14:25:50+00:00\",\"description\":\"Die kommunale Abwasserbehandlung steht im Mittelpunkt unserer Aktivit\u00e4ten. Implementierung in Kl\u00e4ranlagen, Kanalisationsnetzen. Fallstudien.\",\"breadcrumb\":{\"@id\":\"https:\/\/alpha-bioenergy.com\/wwtp-operation-and-consulting\/#breadcrumb\"},\"inLanguage\":\"de\",\"potentialAction\":[{\"@type\":\"ReadAction\",\"target\":[\"https:\/\/alpha-bioenergy.com\/wwtp-operation-and-consulting\/\"]}]},{\"@type\":\"BreadcrumbList\",\"@id\":\"https:\/\/alpha-bioenergy.com\/wwtp-operation-and-consulting\/#breadcrumb\",\"itemListElement\":[{\"@type\":\"ListItem\",\"position\":1,\"name\":\"Home\",\"item\":\"https:\/\/alpha-bioenergy.com\/de\/\"},{\"@type\":\"ListItem\",\"position\":2,\"name\":\"KL\u00c4RANLAGENBETRIEB UND BERATUNG\"}]},{\"@type\":\"WebSite\",\"@id\":\"https:\/\/alpha-bioenergy.com\/#website\",\"url\":\"https:\/\/alpha-bioenergy.com\/\",\"name\":\"Abio\",\"description\":\"Wastewater Treatment\",\"potentialAction\":[{\"@type\":\"SearchAction\",\"target\":{\"@type\":\"EntryPoint\",\"urlTemplate\":\"https:\/\/alpha-bioenergy.com\/?s={search_term_string}\"},\"query-input\":\"required name=search_term_string\"}],\"inLanguage\":\"de\"}]}<\/script>\n<!-- \/ Yoast SEO plugin. -->","yoast_head_json":{"title":"KL\u00c4RANLAGENBETRIEB UND BERATUNG von Alphabio Ltd","description":"Die kommunale Abwasserbehandlung steht im Mittelpunkt unserer Aktivit\u00e4ten. Implementierung in Kl\u00e4ranlagen, Kanalisationsnetzen. Fallstudien.","robots":{"index":"index","follow":"follow","max-snippet":"max-snippet:-1","max-image-preview":"max-image-preview:large","max-video-preview":"max-video-preview:-1"},"canonical":"https:\/\/alpha-bioenergy.com\/wwtp-operation-and-consulting\/","og_locale":"de_DE","og_type":"article","og_title":"KL\u00c4RANLAGENBETRIEB UND BERATUNG von Alphabio Ltd","og_description":"Die kommunale Abwasserbehandlung steht im Mittelpunkt unserer Aktivit\u00e4ten. Implementierung in Kl\u00e4ranlagen, Kanalisationsnetzen. Fallstudien.","og_url":"https:\/\/alpha-bioenergy.com\/wwtp-operation-and-consulting\/","og_site_name":"Abio","article_modified_time":"2020-06-08T14:25:50+00:00","twitter_card":"summary_large_image","twitter_misc":{"Gesch\u00e4tzte Lesezeit":"1\u00a0Minute"},"schema":{"@context":"https:\/\/schema.org","@graph":[{"@type":"WebPage","@id":"https:\/\/alpha-bioenergy.com\/wwtp-operation-and-consulting\/","url":"https:\/\/alpha-bioenergy.com\/wwtp-operation-and-consulting\/","name":"KL\u00c4RANLAGENBETRIEB UND BERATUNG von Alphabio Ltd","isPartOf":{"@id":"https:\/\/alpha-bioenergy.com\/#website"},"datePublished":"2018-09-04T13:05:27+00:00","dateModified":"2020-06-08T14:25:50+00:00","description":"Die kommunale Abwasserbehandlung steht im Mittelpunkt unserer Aktivit\u00e4ten. Implementierung in Kl\u00e4ranlagen, Kanalisationsnetzen. Fallstudien.","breadcrumb":{"@id":"https:\/\/alpha-bioenergy.com\/wwtp-operation-and-consulting\/#breadcrumb"},"inLanguage":"de","potentialAction":[{"@type":"ReadAction","target":["https:\/\/alpha-bioenergy.com\/wwtp-operation-and-consulting\/"]}]},{"@type":"BreadcrumbList","@id":"https:\/\/alpha-bioenergy.com\/wwtp-operation-and-consulting\/#breadcrumb","itemListElement":[{"@type":"ListItem","position":1,"name":"Home","item":"https:\/\/alpha-bioenergy.com\/de\/"},{"@type":"ListItem","position":2,"name":"KL\u00c4RANLAGENBETRIEB UND BERATUNG"}]},{"@type":"WebSite","@id":"https:\/\/alpha-bioenergy.com\/#website","url":"https:\/\/alpha-bioenergy.com\/","name":"Abio","description":"Wastewater Treatment","potentialAction":[{"@type":"SearchAction","target":{"@type":"EntryPoint","urlTemplate":"https:\/\/alpha-bioenergy.com\/?s={search_term_string}"},"query-input":"required name=search_term_string"}],"inLanguage":"de"}]}},"_links":{"self":[{"href":"https:\/\/alpha-bioenergy.com\/de\/wp-json\/wp\/v2\/pages\/1690"}],"collection":[{"href":"https:\/\/alpha-bioenergy.com\/de\/wp-json\/wp\/v2\/pages"}],"about":[{"href":"https:\/\/alpha-bioenergy.com\/de\/wp-json\/wp\/v2\/types\/page"}],"author":[{"embeddable":true,"href":"https:\/\/alpha-bioenergy.com\/de\/wp-json\/wp\/v2\/users\/1"}],"replies":[{"embeddable":true,"href":"https:\/\/alpha-bioenergy.com\/de\/wp-json\/wp\/v2\/comments?post=1690"}],"version-history":[{"count":3,"href":"https:\/\/alpha-bioenergy.com\/de\/wp-json\/wp\/v2\/pages\/1690\/revisions"}],"predecessor-version":[{"id":1693,"href":"https:\/\/alpha-bioenergy.com\/de\/wp-json\/wp\/v2\/pages\/1690\/revisions\/1693"}],"wp:attachment":[{"href":"https:\/\/alpha-bioenergy.com\/de\/wp-json\/wp\/v2\/media?parent=1690"}],"curies":[{"name":"wp","href":"https:\/\/api.w.org\/{rel}","templated":true}]}}