{"id":1700,"date":"2018-07-19T12:32:26","date_gmt":"2018-07-19T09:32:26","guid":{"rendered":"https:\/\/alpha-bioenergy.com\/industrial-waste-water\/"},"modified":"2022-03-09T11:19:18","modified_gmt":"2022-03-09T08:19:18","slug":"industrial-waste-water","status":"publish","type":"page","link":"https:\/\/alpha-bioenergy.com\/de\/industrial-waste-water\/","title":{"rendered":"Industrielles Abwasser"},"content":{"rendered":"<div class=\"wpb-content-wrapper\"><p>[vc_row css_animation=&#8220;&#8220; row_type=&#8220;row&#8220; use_row_as_full_screen_section=&#8220;no&#8220; type=&#8220;full_width&#8220; angled_section=&#8220;no&#8220; text_align=&#8220;left&#8220; background_image_as_pattern=&#8220;without_pattern&#8220;][vc_column][vc_column_text]<img loading=\"lazy\" decoding=\"async\" class=\"wp-image-1021 alignleft\" src=\"https:\/\/alpha-bioenergy.com\/wp-content\/uploads\/2018\/10\/\u03b2\u03b9\u03bf\u03bc\u03b7\u03c7\u03b1\u03bd\u03b9\u03ba\u03ac-\u03b1\u03c0\u03cc\u03b2\u03bb\u03b7\u03c4\u03b1-industrial-wastewater-icon.png\" alt=\"\" width=\"102\" height=\"104\" \/>Unterschiedliche Arten von Produktionst\u00e4tigkeiten f\u00fchren zu einer Vielzahl von Industrieabw\u00e4ssern, die unterschiedliche Reinigungsstufen erfordern. Infolgedessen kann ein integriertes Abwasserbehandlungssystem von relativ einfach und kompakt bis hin zu einer komplexeren, mehrstufigen Anlage reichen. Obwohl moderne industrielle Strategien im Umweltmanagement auf Abwasserminimierung ausgerichtet sind, bleiben viele Industrien von Prozessen abh\u00e4ngig, die gro\u00dfe Mengen an Abwasser produzieren.<\/p>\n<p>&nbsp;<\/p>\n<p>Durch die Entwicklung verschiedener mikrobieller Mischungen, die sich besonders f\u00fcr die Behandlung jeder spezifischen Art von Industrieabw\u00e4ssern eignen, k\u00f6nnen wir ein breites Spektrum von Industrieabw\u00e4ssern effizient behandeln. Die Anwendung von Bioaugmentationsprodukten findet sowohl in zentralen Kl\u00e4ranlagen, die gemischte Industrieabw\u00e4sser erhalten, als auch in einzelnen Industrien mit erheblichen Abwassereinleitungen Anwendung. Unser Unternehmen hat erfolgreiche Anwendungen in den folgenden Industriesektoren entwickelt und implementiert:[\/vc_column_text][vc_empty_space]<div class=\"q_icon_list\"><i class=\"qode_icon_font_awesome fa fa-arrow-circle-o-right qode-ili-icon-holder transparent\" style=\"color: #000000;\" ><\/i><p style=\"\">Brauereien<\/p><\/div><div class=\"q_icon_list\"><i class=\"qode_icon_font_awesome fa fa-arrow-circle-o-right qode-ili-icon-holder transparent\" style=\"color: #000000;\" ><\/i><p style=\"\">Milchwirtschaft<\/p><\/div><div class=\"q_icon_list\"><i class=\"qode_icon_font_awesome fa fa-arrow-circle-o-right qode-ili-icon-holder transparent\" style=\"color: #000000;\" ><\/i><p style=\"\">Lebensmittelindustrie<\/p><\/div><div class=\"q_icon_list\"><i class=\"qode_icon_font_awesome fa fa-arrow-circle-o-right qode-ili-icon-holder transparent\" style=\"color: #000000;\" ><\/i><p style=\"\">Anlagen zur Herstellung von S\u00e4ften und Getr\u00e4nken<\/p><\/div><div class=\"q_icon_list\"><i class=\"qode_icon_font_awesome fa fa-arrow-circle-o-right qode-ili-icon-holder transparent\" style=\"color: #000000;\" ><\/i><p style=\"\">Oliven-Produktionsanlagen<\/p><\/div><div class=\"q_icon_list\"><i class=\"qode_icon_font_awesome fa fa-arrow-circle-o-right qode-ili-icon-holder transparent\" style=\"color: #000000;\" ><\/i><p style=\"\">Entk\u00f6rnungsindustrie<\/p><\/div><div class=\"q_icon_list\"><i class=\"qode_icon_font_awesome fa fa-arrow-circle-o-right qode-ili-icon-holder transparent\" style=\"color: #000000;\" ><\/i><p style=\"\">G\u00e4rreste aus anaeroben Verg\u00e4rungsprozessen<\/p><\/div><div class=\"q_icon_list\"><i class=\"qode_icon_font_awesome fa fa-arrow-circle-o-right qode-ili-icon-holder transparent\" style=\"color: #000000;\" ><\/i><p style=\"\">Deponiesickerwasser<\/p><\/div><div class=\"q_icon_list\"><i class=\"qode_icon_font_awesome fa fa-arrow-circle-o-right qode-ili-icon-holder transparent\" style=\"color: #000000;\" ><\/i><p style=\"\">Bioremediation von \u00f6lhaltigen Schl\u00e4mmen<\/p><\/div>[vc_empty_space][vc_column_text]Durch die Valorisierung eines bedeutenden Teils unserer Ressourcen f\u00fcr Forschungsaktivit\u00e4ten gelingt es uns, kontinuierlich neue Produkte f\u00fcr die Bioaugmentation zu entwickeln, f\u00fcr jede spezielle Anwendung, je nach Abwassertyp und spezifischen Eigenschaften.<br \/>\n[\/vc_column_text][vc_empty_space]<a  itemprop=\"url\" href=\"https:\/\/alpha-bioenergy.com\/de\/industrial-waste-water\/centralized-industrial-wwtp\/\" target=\"_self\"  class=\"qbutton  center enlarge  qode-button-shadow\" style=\"\">Fallstudien<\/a>[vc_empty_space][\/vc_column][\/vc_row]<\/p>\n<\/div>","protected":false},"excerpt":{"rendered":"<p>[vc_row css_animation=&#8220;&#8220; row_type=&#8220;row&#8220; use_row_as_full_screen_section=&#8220;no&#8220; type=&#8220;full_width&#8220; angled_section=&#8220;no&#8220; text_align=&#8220;left&#8220; background_image_as_pattern=&#8220;without_pattern&#8220;][vc_column][vc_column_text]Unterschiedliche Arten von Produktionst\u00e4tigkeiten f\u00fchren zu einer Vielzahl von Industrieabw\u00e4ssern, die unterschiedliche Reinigungsstufen erfordern. Infolgedessen kann ein integriertes Abwasserbehandlungssystem von relativ einfach und kompakt bis hin zu einer komplexeren, mehrstufigen Anlage reichen. Obwohl moderne industrielle Strategien im Umweltmanagement&#8230;<\/p>\n","protected":false},"author":1,"featured_media":0,"parent":0,"menu_order":0,"comment_status":"closed","ping_status":"closed","template":"","meta":{"footnotes":""},"yoast_head":"<!-- This site is optimized with the Yoast SEO plugin v22.9 - https:\/\/yoast.com\/wordpress\/plugins\/seo\/ -->\n<title>Industrielles Abwasser | Umweltmanagement | alphabio<\/title>\n<meta name=\"description\" content=\"Unterschiedliche Arten von Produktionst\u00e4tigkeiten f\u00fchren zu einer Vielzahl von Industrieabw\u00e4ssern, die unterschiedliche Reinigungsstufen erfordern.\" \/>\n<meta name=\"robots\" content=\"index, follow, max-snippet:-1, max-image-preview:large, max-video-preview:-1\" \/>\n<link rel=\"canonical\" href=\"https:\/\/alpha-bioenergy.com\/industrial-waste-water\/\" \/>\n<meta property=\"og:locale\" content=\"de_DE\" \/>\n<meta property=\"og:type\" content=\"article\" \/>\n<meta property=\"og:title\" content=\"Industrielles Abwasser | Umweltmanagement | alphabio\" \/>\n<meta property=\"og:description\" content=\"Unterschiedliche Arten von Produktionst\u00e4tigkeiten f\u00fchren zu einer Vielzahl von Industrieabw\u00e4ssern, die unterschiedliche Reinigungsstufen erfordern.\" \/>\n<meta property=\"og:url\" content=\"https:\/\/alpha-bioenergy.com\/industrial-waste-water\/\" \/>\n<meta property=\"og:site_name\" content=\"Abio\" \/>\n<meta property=\"article:modified_time\" content=\"2022-03-09T08:19:18+00:00\" \/>\n<meta name=\"twitter:card\" content=\"summary_large_image\" \/>\n<meta name=\"twitter:label1\" content=\"Gesch\u00e4tzte Lesezeit\" \/>\n\t<meta name=\"twitter:data1\" content=\"2\u00a0Minuten\" \/>\n<script type=\"application\/ld+json\" class=\"yoast-schema-graph\">{\"@context\":\"https:\/\/schema.org\",\"@graph\":[{\"@type\":\"WebPage\",\"@id\":\"https:\/\/alpha-bioenergy.com\/industrial-waste-water\/\",\"url\":\"https:\/\/alpha-bioenergy.com\/industrial-waste-water\/\",\"name\":\"Industrielles Abwasser | Umweltmanagement | alphabio\",\"isPartOf\":{\"@id\":\"https:\/\/alpha-bioenergy.com\/#website\"},\"datePublished\":\"2018-07-19T09:32:26+00:00\",\"dateModified\":\"2022-03-09T08:19:18+00:00\",\"description\":\"Unterschiedliche Arten von Produktionst\u00e4tigkeiten f\u00fchren zu einer Vielzahl von Industrieabw\u00e4ssern, die unterschiedliche Reinigungsstufen erfordern.\",\"breadcrumb\":{\"@id\":\"https:\/\/alpha-bioenergy.com\/industrial-waste-water\/#breadcrumb\"},\"inLanguage\":\"de\",\"potentialAction\":[{\"@type\":\"ReadAction\",\"target\":[\"https:\/\/alpha-bioenergy.com\/industrial-waste-water\/\"]}]},{\"@type\":\"BreadcrumbList\",\"@id\":\"https:\/\/alpha-bioenergy.com\/industrial-waste-water\/#breadcrumb\",\"itemListElement\":[{\"@type\":\"ListItem\",\"position\":1,\"name\":\"Home\",\"item\":\"https:\/\/alpha-bioenergy.com\/de\/\"},{\"@type\":\"ListItem\",\"position\":2,\"name\":\"Industrielles Abwasser\"}]},{\"@type\":\"WebSite\",\"@id\":\"https:\/\/alpha-bioenergy.com\/#website\",\"url\":\"https:\/\/alpha-bioenergy.com\/\",\"name\":\"Abio\",\"description\":\"Wastewater Treatment\",\"potentialAction\":[{\"@type\":\"SearchAction\",\"target\":{\"@type\":\"EntryPoint\",\"urlTemplate\":\"https:\/\/alpha-bioenergy.com\/?s={search_term_string}\"},\"query-input\":\"required name=search_term_string\"}],\"inLanguage\":\"de\"}]}<\/script>\n<!-- \/ Yoast SEO plugin. -->","yoast_head_json":{"title":"Industrielles Abwasser | Umweltmanagement | alphabio","description":"Unterschiedliche Arten von Produktionst\u00e4tigkeiten f\u00fchren zu einer Vielzahl von Industrieabw\u00e4ssern, die unterschiedliche Reinigungsstufen erfordern.","robots":{"index":"index","follow":"follow","max-snippet":"max-snippet:-1","max-image-preview":"max-image-preview:large","max-video-preview":"max-video-preview:-1"},"canonical":"https:\/\/alpha-bioenergy.com\/industrial-waste-water\/","og_locale":"de_DE","og_type":"article","og_title":"Industrielles Abwasser | Umweltmanagement | alphabio","og_description":"Unterschiedliche Arten von Produktionst\u00e4tigkeiten f\u00fchren zu einer Vielzahl von Industrieabw\u00e4ssern, die unterschiedliche Reinigungsstufen erfordern.","og_url":"https:\/\/alpha-bioenergy.com\/industrial-waste-water\/","og_site_name":"Abio","article_modified_time":"2022-03-09T08:19:18+00:00","twitter_card":"summary_large_image","twitter_misc":{"Gesch\u00e4tzte Lesezeit":"2\u00a0Minuten"},"schema":{"@context":"https:\/\/schema.org","@graph":[{"@type":"WebPage","@id":"https:\/\/alpha-bioenergy.com\/industrial-waste-water\/","url":"https:\/\/alpha-bioenergy.com\/industrial-waste-water\/","name":"Industrielles Abwasser | Umweltmanagement | alphabio","isPartOf":{"@id":"https:\/\/alpha-bioenergy.com\/#website"},"datePublished":"2018-07-19T09:32:26+00:00","dateModified":"2022-03-09T08:19:18+00:00","description":"Unterschiedliche Arten von Produktionst\u00e4tigkeiten f\u00fchren zu einer Vielzahl von Industrieabw\u00e4ssern, die unterschiedliche Reinigungsstufen erfordern.","breadcrumb":{"@id":"https:\/\/alpha-bioenergy.com\/industrial-waste-water\/#breadcrumb"},"inLanguage":"de","potentialAction":[{"@type":"ReadAction","target":["https:\/\/alpha-bioenergy.com\/industrial-waste-water\/"]}]},{"@type":"BreadcrumbList","@id":"https:\/\/alpha-bioenergy.com\/industrial-waste-water\/#breadcrumb","itemListElement":[{"@type":"ListItem","position":1,"name":"Home","item":"https:\/\/alpha-bioenergy.com\/de\/"},{"@type":"ListItem","position":2,"name":"Industrielles Abwasser"}]},{"@type":"WebSite","@id":"https:\/\/alpha-bioenergy.com\/#website","url":"https:\/\/alpha-bioenergy.com\/","name":"Abio","description":"Wastewater Treatment","potentialAction":[{"@type":"SearchAction","target":{"@type":"EntryPoint","urlTemplate":"https:\/\/alpha-bioenergy.com\/?s={search_term_string}"},"query-input":"required name=search_term_string"}],"inLanguage":"de"}]}},"_links":{"self":[{"href":"https:\/\/alpha-bioenergy.com\/de\/wp-json\/wp\/v2\/pages\/1700"}],"collection":[{"href":"https:\/\/alpha-bioenergy.com\/de\/wp-json\/wp\/v2\/pages"}],"about":[{"href":"https:\/\/alpha-bioenergy.com\/de\/wp-json\/wp\/v2\/types\/page"}],"author":[{"embeddable":true,"href":"https:\/\/alpha-bioenergy.com\/de\/wp-json\/wp\/v2\/users\/1"}],"replies":[{"embeddable":true,"href":"https:\/\/alpha-bioenergy.com\/de\/wp-json\/wp\/v2\/comments?post=1700"}],"version-history":[{"count":5,"href":"https:\/\/alpha-bioenergy.com\/de\/wp-json\/wp\/v2\/pages\/1700\/revisions"}],"predecessor-version":[{"id":2576,"href":"https:\/\/alpha-bioenergy.com\/de\/wp-json\/wp\/v2\/pages\/1700\/revisions\/2576"}],"wp:attachment":[{"href":"https:\/\/alpha-bioenergy.com\/de\/wp-json\/wp\/v2\/media?parent=1700"}],"curies":[{"name":"wp","href":"https:\/\/api.w.org\/{rel}","templated":true}]}}