{"id":1703,"date":"2018-07-19T12:29:17","date_gmt":"2018-07-19T09:29:17","guid":{"rendered":"https:\/\/alpha-bioenergy.com\/municipal-waste-water\/"},"modified":"2022-03-09T12:09:59","modified_gmt":"2022-03-09T09:09:59","slug":"municipal-waste-water","status":"publish","type":"page","link":"https:\/\/alpha-bioenergy.com\/de\/municipal-waste-water\/","title":{"rendered":"Kommunales Abwasser"},"content":{"rendered":"<div class=\"wpb-content-wrapper\"><p>[vc_row css_animation=&#8220;&#8220; row_type=&#8220;row&#8220; use_row_as_full_screen_section=&#8220;no&#8220; type=&#8220;full_width&#8220; angled_section=&#8220;no&#8220; text_align=&#8220;left&#8220; background_image_as_pattern=&#8220;without_pattern&#8220;][vc_column][vc_column_text]<img loading=\"lazy\" decoding=\"async\" class=\"wp-image-1019 alignleft\" src=\"https:\/\/alpha-bioenergy.com\/wp-content\/uploads\/2018\/10\/\u03b1\u03c3\u03c4\u03b9\u03ba\u03ac-\u03bb\u03cd\u03bc\u03b1\u03c4\u03b1-municipal-waste-water-icon.png\" alt=\"\" width=\"107\" height=\"159\" \/>Die kommunale Abwasserreinigung steht im Mittelpunkt unserer Aktivit\u00e4ten.<br \/>\nDurch die Anwendung der Bioaugmentationstechnologie kann die Effizienz einer bestimmten Abwasserbehandlungsanlage<br \/>\nsowohl in Bezug auf die Abwasserqualit\u00e4t, die Schlammeigenschaften als auch die \u00dcberschussschlammproduktion erheblich verbessert werden k\u00f6nnen.<\/p>\n<p>&nbsp;<\/p>\n<p>Bioaugmentation ist ein Prozess, bei dem ausgew\u00e4hlte, standardisierte Bakterien (Mikroben) zu einer bestehenden mikrobiellen Kultur (d.h. Belebtschlammsystem) hinzugef\u00fcgt werden, wodurch die F\u00e4higkeit der mikrobiellen Gemeinschaft verbessert wird, auf Prozessschwankungen zu reagieren, \u00dcberlastungsschocks zu \u00fcberwinden oder bestimmte Verbindungen abzubauen, was zu einer verbesserten Gesamtbehandlung f\u00fchrt. Die von Alphabio entwickelte Bioaugmentationsmethode basiert auf einer Prozessoptimierung bei gleichzeitiger Dosierung der Bioaugmentationsprodukte.[\/vc_column_text][vc_empty_space]<div class=\"custom_font_holder \" style=\" font-style: normal; font-weight: 600; text-decoration: none; text-shadow: 1px 1px 2px rgba(0, 0, 0, 0.4); text-align: left; --qode-cf-font-size: 20px; --qode-cf-line-height: 22px; --qode-cf-font-size-1440: 20px; --qode-cf-line-height-1440: 22px; --qode-cf-font-size-1366: 20px; --qode-cf-line-height-1366: 22px; --qode-cf-font-size-1280: 20px; --qode-cf-line-height-1280: 22px; --qode-cf-font-size-1024: 20px; --qode-cf-line-height-1024: 22px; --qode-cf-font-size-768: 20px; --qode-cf-line-height-768: 22px; --qode-cf-font-size-680: 20px; --qode-cf-line-height-680: 22px; --qode-cf-font-size-480: 20px; --qode-cf-line-height-480: 22px;\">Implementierung in Kl\u00e4ranlagen<br \/>\n<\/div>[vc_empty_space][vc_empty_space][vc_column_text]Die Anwendung der Bioaugmentationstechnologie basiert auf der kontinuierlichen Zugabe der Bakterien in einer bestimmten Kl\u00e4ranlage (WWTP) bei gleichzeitiger \u00c4nderung der grundlegenden Betriebsparameter der Anlage, um die geeigneten Bedingungen f\u00fcr ihr Wachstum zu schaffen. Mehrere Anwendungen selbst in gro\u00dfen Kl\u00e4ranlagen (&gt; 150.000 Einwohnergleichwerte) haben die positive Wirkung der Bioaugmentation auf den Betriebszustand der Anlage nachgewiesen, was zu einem positiven Ergebnis gef\u00fchrt hat:<br \/>\n[\/vc_column_text]<div class=\"q_icon_list\"><i class=\"qode_icon_font_awesome fa fa-arrow-circle-o-right qode-ili-icon-holder transparent\" style=\"color: #000000;\" ><\/i><p style=\"\">signifikante Reduzierung (&gt; 70%) der \u00fcbersch\u00fcssigen Schlammproduktion<\/p><\/div><div class=\"q_icon_list\"><i class=\"qode_icon_font_awesome fa fa-arrow-circle-o-right qode-ili-icon-holder transparent\" style=\"color: #000000;\" ><\/i><p style=\"\">Verbesserung der grundlegenden Parameter der Abwasserqualit\u00e4t<\/p><\/div><div class=\"q_icon_list\"><i class=\"qode_icon_font_awesome fa fa-arrow-circle-o-right qode-ili-icon-holder transparent\" style=\"color: #000000;\" ><\/i><p style=\"\">Reduzierung des Gesamtenergieverbrauchs<\/p><\/div><div class=\"q_icon_list\"><i class=\"qode_icon_font_awesome fa fa-arrow-circle-o-right qode-ili-icon-holder transparent\" style=\"color: #000000;\" ><\/i><p style=\"\">Reduzierung von Geruchsemissionen in der Umgebung der Anlage<\/p><\/div><div class=\"q_icon_list\"><i class=\"qode_icon_font_awesome fa fa-arrow-circle-o-right qode-ili-icon-holder transparent\" style=\"color: #000000;\" ><\/i><p style=\"\">Verbesserung der Schlammabsetzeigenschaften<\/p><\/div>[vc_empty_space]<div class=\"custom_font_holder \" style=\" font-style: normal; font-weight: 600; text-decoration: none; text-shadow: 1px 1px 2px rgba(0, 0, 0, 0.4); text-align: left; --qode-cf-font-size: 20px; --qode-cf-line-height: 22px; --qode-cf-font-size-1440: 20px; --qode-cf-line-height-1440: 22px; --qode-cf-font-size-1366: 20px; --qode-cf-line-height-1366: 22px; --qode-cf-font-size-1280: 20px; --qode-cf-line-height-1280: 22px; --qode-cf-font-size-1024: 20px; --qode-cf-line-height-1024: 22px; --qode-cf-font-size-768: 20px; --qode-cf-line-height-768: 22px; --qode-cf-font-size-680: 20px; --qode-cf-line-height-680: 22px; --qode-cf-font-size-480: 20px; --qode-cf-line-height-480: 22px;\">Implementierung in Kanalisationsnetzen<br \/>\n<\/div>[vc_empty_space][vc_column_text]Das Kanalisationsnetz kann nicht nur als hydraulisches Sammel- und Transportsystem betrachtet werden, sondern auch als ein System, in dem einige wichtige chemische und biologische Umwandlungen stattfinden. Ein charakteristisches Beispiel f\u00fcr die Wirkung biologischer Umwandlungen in Netzwerken ist die Produktion von Schwefelwasserstoff (H2S). Seine Produktion ist mit Gesundheitsrisiken, Korrosionsproblemen des Rohrmaterials, Betriebsproblemen in der Kl\u00e4ranlage sowie schweren Problemen mit Geruchsemissionen verbunden.<\/p>\n<p>&nbsp;<\/p>\n<p>Durch die kontrollierte Dosierung von spezialisierten Bakterien in Abwasserrohren werden die folgenden direkten Ergebnisse erzielt:[\/vc_column_text][vc_empty_space]<div class=\"q_icon_list\"><i class=\"qode_icon_font_awesome fa fa-arrow-circle-o-right qode-ili-icon-holder transparent\" style=\"color: #000000;\" ><\/i><p style=\"\">Der vorhandene Schwefelwasserstoff wird mikrobiell oxidiert.<\/p><\/div><div class=\"q_icon_list\"><i class=\"qode_icon_font_awesome fa fa-arrow-circle-o-right qode-ili-icon-holder transparent\" style=\"color: #000000;\" ><\/i><p style=\"\">Die weitere Produktion von Schwefelwasserstoff wird verhindert.<\/p><\/div><div class=\"q_icon_list\"><i class=\"qode_icon_font_awesome fa fa-arrow-circle-o-right qode-ili-icon-holder transparent\" style=\"color: #000000;\" ><\/i><p style=\"\">Das Wachstum von Mikroorganismen verhindert jede andere anaerobe mikrobielle Aktivit\u00e4t, die f\u00fcr die Produktion \u00fcbelriechender Verbindungen (z.B. Fetts\u00e4uren) verantwortlich ist.<\/p><\/div><div class=\"q_icon_list\"><i class=\"qode_icon_font_awesome fa fa-arrow-circle-o-right qode-ili-icon-holder transparent\" style=\"color: #000000;\" ><\/i><p style=\"\">Die Verhinderung der Produktion von Schwefelwasserstoff f\u00fchrt zur Verhinderung seiner anschlie\u00dfenden Umwandlung in Sulfids\u00e4ure, die das Rohrleitungsmaterial stark angreift.<\/p><\/div><div class=\"q_icon_list\"><i class=\"qode_icon_font_awesome fa fa-arrow-circle-o-right qode-ili-icon-holder transparent\" style=\"color: #000000;\" ><\/i><p style=\"\">Aufl\u00f6sen und Eliminieren von Fetten und angesammelten Feststoffen in Rohrleitungen und Abwasserpumpstationen.<\/p><\/div>[vc_empty_space]<a  itemprop=\"url\" href=\"https:\/\/alpha-bioenergy.com\/de\/municipal-waste-water\/sewage-sludge-reduction\/ \" target=\"_self\"  class=\"qbutton  center enlarge  qode-button-shadow\" style=\"\">Fallstudien<\/a>[vc_empty_space][\/vc_column][\/vc_row]<\/p>\n<\/div>","protected":false},"excerpt":{"rendered":"<p>[vc_row css_animation=&#8220;&#8220; row_type=&#8220;row&#8220; use_row_as_full_screen_section=&#8220;no&#8220; type=&#8220;full_width&#8220; angled_section=&#8220;no&#8220; text_align=&#8220;left&#8220; background_image_as_pattern=&#8220;without_pattern&#8220;][vc_column][vc_column_text]Die kommunale Abwasserreinigung steht im Mittelpunkt unserer Aktivit\u00e4ten. Durch die Anwendung der Bioaugmentationstechnologie kann die Effizienz einer bestimmten Abwasserbehandlungsanlage sowohl in Bezug auf die Abwasserqualit\u00e4t, die Schlammeigenschaften als auch die \u00dcberschussschlammproduktion erheblich verbessert werden k\u00f6nnen. &nbsp; Bioaugmentation ist&#8230;<\/p>\n","protected":false},"author":1,"featured_media":0,"parent":0,"menu_order":0,"comment_status":"closed","ping_status":"closed","template":"","meta":{"footnotes":""},"yoast_head":"<!-- This site is optimized with the Yoast SEO plugin v22.9 - https:\/\/yoast.com\/wordpress\/plugins\/seo\/ -->\n<title>Kommunales Abwasser | Behandlungsanlagen | Kanalnetze | alphabio<\/title>\n<meta name=\"description\" content=\"Die kommunale Abwasserreinigung steht im Mittelpunkt unserer Aktivit\u00e4ten. Durch die Anwendung der Bioaugmentationstechnologie kann die Effizienz einer bestimmten Abwasserbehandlungsanlage sowohl in Bezug auf die Abwasserqualit\u00e4t\" \/>\n<meta name=\"robots\" content=\"index, follow, max-snippet:-1, max-image-preview:large, max-video-preview:-1\" \/>\n<link rel=\"canonical\" href=\"https:\/\/alpha-bioenergy.com\/de\/municipal-waste-water\/\" \/>\n<meta property=\"og:locale\" content=\"de_DE\" \/>\n<meta property=\"og:type\" content=\"article\" \/>\n<meta property=\"og:title\" content=\"Kommunales Abwasser | Behandlungsanlagen | Kanalnetze | alphabio\" \/>\n<meta property=\"og:description\" content=\"Die kommunale Abwasserreinigung steht im Mittelpunkt unserer Aktivit\u00e4ten. Durch die Anwendung der Bioaugmentationstechnologie kann die Effizienz einer bestimmten Abwasserbehandlungsanlage sowohl in Bezug auf die Abwasserqualit\u00e4t\" \/>\n<meta property=\"og:url\" content=\"https:\/\/alpha-bioenergy.com\/de\/municipal-waste-water\/\" \/>\n<meta property=\"og:site_name\" content=\"Abio\" \/>\n<meta property=\"article:modified_time\" content=\"2022-03-09T09:09:59+00:00\" \/>\n<meta name=\"twitter:card\" content=\"summary_large_image\" \/>\n<meta name=\"twitter:label1\" content=\"Gesch\u00e4tzte Lesezeit\" \/>\n\t<meta name=\"twitter:data1\" content=\"3\u00a0Minuten\" \/>\n<script type=\"application\/ld+json\" class=\"yoast-schema-graph\">{\"@context\":\"https:\/\/schema.org\",\"@graph\":[{\"@type\":\"WebPage\",\"@id\":\"https:\/\/alpha-bioenergy.com\/de\/municipal-waste-water\/\",\"url\":\"https:\/\/alpha-bioenergy.com\/de\/municipal-waste-water\/\",\"name\":\"Kommunales Abwasser | Behandlungsanlagen | Kanalnetze | alphabio\",\"isPartOf\":{\"@id\":\"https:\/\/alpha-bioenergy.com\/#website\"},\"datePublished\":\"2018-07-19T09:29:17+00:00\",\"dateModified\":\"2022-03-09T09:09:59+00:00\",\"description\":\"Die kommunale Abwasserreinigung steht im Mittelpunkt unserer Aktivit\u00e4ten. Durch die Anwendung der Bioaugmentationstechnologie kann die Effizienz einer bestimmten Abwasserbehandlungsanlage sowohl in Bezug auf die Abwasserqualit\u00e4t\",\"breadcrumb\":{\"@id\":\"https:\/\/alpha-bioenergy.com\/de\/municipal-waste-water\/#breadcrumb\"},\"inLanguage\":\"de\",\"potentialAction\":[{\"@type\":\"ReadAction\",\"target\":[\"https:\/\/alpha-bioenergy.com\/de\/municipal-waste-water\/\"]}]},{\"@type\":\"BreadcrumbList\",\"@id\":\"https:\/\/alpha-bioenergy.com\/de\/municipal-waste-water\/#breadcrumb\",\"itemListElement\":[{\"@type\":\"ListItem\",\"position\":1,\"name\":\"Home\",\"item\":\"https:\/\/alpha-bioenergy.com\/de\/\"},{\"@type\":\"ListItem\",\"position\":2,\"name\":\"Kommunales Abwasser\"}]},{\"@type\":\"WebSite\",\"@id\":\"https:\/\/alpha-bioenergy.com\/#website\",\"url\":\"https:\/\/alpha-bioenergy.com\/\",\"name\":\"Abio\",\"description\":\"Wastewater Treatment\",\"potentialAction\":[{\"@type\":\"SearchAction\",\"target\":{\"@type\":\"EntryPoint\",\"urlTemplate\":\"https:\/\/alpha-bioenergy.com\/?s={search_term_string}\"},\"query-input\":\"required name=search_term_string\"}],\"inLanguage\":\"de\"}]}<\/script>\n<!-- \/ Yoast SEO plugin. -->","yoast_head_json":{"title":"Kommunales Abwasser | Behandlungsanlagen | Kanalnetze | alphabio","description":"Die kommunale Abwasserreinigung steht im Mittelpunkt unserer Aktivit\u00e4ten. Durch die Anwendung der Bioaugmentationstechnologie kann die Effizienz einer bestimmten Abwasserbehandlungsanlage sowohl in Bezug auf die Abwasserqualit\u00e4t","robots":{"index":"index","follow":"follow","max-snippet":"max-snippet:-1","max-image-preview":"max-image-preview:large","max-video-preview":"max-video-preview:-1"},"canonical":"https:\/\/alpha-bioenergy.com\/de\/municipal-waste-water\/","og_locale":"de_DE","og_type":"article","og_title":"Kommunales Abwasser | Behandlungsanlagen | Kanalnetze | alphabio","og_description":"Die kommunale Abwasserreinigung steht im Mittelpunkt unserer Aktivit\u00e4ten. Durch die Anwendung der Bioaugmentationstechnologie kann die Effizienz einer bestimmten Abwasserbehandlungsanlage sowohl in Bezug auf die Abwasserqualit\u00e4t","og_url":"https:\/\/alpha-bioenergy.com\/de\/municipal-waste-water\/","og_site_name":"Abio","article_modified_time":"2022-03-09T09:09:59+00:00","twitter_card":"summary_large_image","twitter_misc":{"Gesch\u00e4tzte Lesezeit":"3\u00a0Minuten"},"schema":{"@context":"https:\/\/schema.org","@graph":[{"@type":"WebPage","@id":"https:\/\/alpha-bioenergy.com\/de\/municipal-waste-water\/","url":"https:\/\/alpha-bioenergy.com\/de\/municipal-waste-water\/","name":"Kommunales Abwasser | Behandlungsanlagen | Kanalnetze | alphabio","isPartOf":{"@id":"https:\/\/alpha-bioenergy.com\/#website"},"datePublished":"2018-07-19T09:29:17+00:00","dateModified":"2022-03-09T09:09:59+00:00","description":"Die kommunale Abwasserreinigung steht im Mittelpunkt unserer Aktivit\u00e4ten. Durch die Anwendung der Bioaugmentationstechnologie kann die Effizienz einer bestimmten Abwasserbehandlungsanlage sowohl in Bezug auf die Abwasserqualit\u00e4t","breadcrumb":{"@id":"https:\/\/alpha-bioenergy.com\/de\/municipal-waste-water\/#breadcrumb"},"inLanguage":"de","potentialAction":[{"@type":"ReadAction","target":["https:\/\/alpha-bioenergy.com\/de\/municipal-waste-water\/"]}]},{"@type":"BreadcrumbList","@id":"https:\/\/alpha-bioenergy.com\/de\/municipal-waste-water\/#breadcrumb","itemListElement":[{"@type":"ListItem","position":1,"name":"Home","item":"https:\/\/alpha-bioenergy.com\/de\/"},{"@type":"ListItem","position":2,"name":"Kommunales Abwasser"}]},{"@type":"WebSite","@id":"https:\/\/alpha-bioenergy.com\/#website","url":"https:\/\/alpha-bioenergy.com\/","name":"Abio","description":"Wastewater Treatment","potentialAction":[{"@type":"SearchAction","target":{"@type":"EntryPoint","urlTemplate":"https:\/\/alpha-bioenergy.com\/?s={search_term_string}"},"query-input":"required name=search_term_string"}],"inLanguage":"de"}]}},"_links":{"self":[{"href":"https:\/\/alpha-bioenergy.com\/de\/wp-json\/wp\/v2\/pages\/1703"}],"collection":[{"href":"https:\/\/alpha-bioenergy.com\/de\/wp-json\/wp\/v2\/pages"}],"about":[{"href":"https:\/\/alpha-bioenergy.com\/de\/wp-json\/wp\/v2\/types\/page"}],"author":[{"embeddable":true,"href":"https:\/\/alpha-bioenergy.com\/de\/wp-json\/wp\/v2\/users\/1"}],"replies":[{"embeddable":true,"href":"https:\/\/alpha-bioenergy.com\/de\/wp-json\/wp\/v2\/comments?post=1703"}],"version-history":[{"count":5,"href":"https:\/\/alpha-bioenergy.com\/de\/wp-json\/wp\/v2\/pages\/1703\/revisions"}],"predecessor-version":[{"id":2578,"href":"https:\/\/alpha-bioenergy.com\/de\/wp-json\/wp\/v2\/pages\/1703\/revisions\/2578"}],"wp:attachment":[{"href":"https:\/\/alpha-bioenergy.com\/de\/wp-json\/wp\/v2\/media?parent=1703"}],"curies":[{"name":"wp","href":"https:\/\/api.w.org\/{rel}","templated":true}]}}