{"id":1706,"date":"2018-07-19T12:54:51","date_gmt":"2018-07-19T09:54:51","guid":{"rendered":"https:\/\/alpha-bioenergy.com\/municipal-waste-water\/sewage-sludge-reduction\/"},"modified":"2020-09-03T16:51:53","modified_gmt":"2020-09-03T13:51:53","slug":"sewage-sludge-reduction","status":"publish","type":"page","link":"https:\/\/alpha-bioenergy.com\/de\/municipal-waste-water\/sewage-sludge-reduction\/","title":{"rendered":"KL\u00c4RSCHLAMMREDUKTION"},"content":{"rendered":"<div class=\"wpb-content-wrapper\"><p>[vc_row css_animation=&#8220;&#8220; row_type=&#8220;row&#8220; use_row_as_full_screen_section=&#8220;no&#8220; type=&#8220;full_width&#8220; angled_section=&#8220;no&#8220; text_align=&#8220;left&#8220; background_image_as_pattern=&#8220;without_pattern&#8220;][vc_column][vc_empty_space height=&#8220;72px&#8220;][\/vc_column][\/vc_row][vc_row css_animation=&#8220;&#8220; row_type=&#8220;row&#8220; use_row_as_full_screen_section=&#8220;no&#8220; type=&#8220;grid&#8220; angled_section=&#8220;no&#8220; text_align=&#8220;left&#8220; background_image_as_pattern=&#8220;without_pattern&#8220; css=&#8220;.vc_custom_1537962293410{background-image: url(http:\/\/alpha-bioenergy.com\/wp-content\/uploads\/2018\/07\/ger1.jpg?id=700) !important;background-position: center !important;background-repeat: no-repeat !important;background-size: cover !important;}&#8220; z_index=&#8220;&#8220;][vc_column width=&#8220;1\/2&#8243;][\/vc_column][vc_column width=&#8220;1\/2&#8243; css=&#8220;.vc_custom_1537962266628{background-color: rgba(255,255,255,0.62) !important;*background-color: rgb(255,255,255) !important;}&#8220;][qode_elements_holder number_of_columns=&#8220;one_column&#8220;][qode_elements_holder_item advanced_animations=&#8220;no&#8220; item_padding=&#8220;0 0 40px 0&#8243;][vc_column_text]<\/p>\n<h1><span class='highlight' style='color: #010101; background-color:transparent;'>Anwendung der Bio-Augmentation in Wasseraufbereitungsanlage<\/span> of Detmold, of Detmold, Deutschland<\/h1>\n<p>[\/vc_column_text][vc_empty_space height=&#8220;26px&#8220;][vc_column_text]Das Kl\u00e4ranlagein Dedmold mit einem Abwasserdurchfluss von 20.000 \u2013 25.000 m3\/d kam mit Alphabio in Kontakt um den \u00fcbersch\u00fcssigen Schlamm zu reduzieren, der in der Anlage produziert wurde. Nach der Umsetzung der Bio-Augmentation in der Anlage wurde eine 25%ige Reduktion des \u00fcbersch\u00fcssigen Schlamms beobachtet.[\/vc_column_text][vc_empty_space height=&#8220;26px&#8220;]<a  itemprop=\"url\" href=\"http:\/\/alpha-bioenergy.com\/de\/project\/application-of-bio-augmentation-in-wwtp-of-detmold-germany\/\" target=\"_self\" data-hover-background-color='#6b6b6b'  class=\"qbutton  default\" style=\"color: #ffffff; background-color: #000000;\">Weiterlesen<\/a>[\/qode_elements_holder_item][\/qode_elements_holder][\/vc_column][\/vc_row][vc_row css_animation=&#8220;&#8220; row_type=&#8220;row&#8220; use_row_as_full_screen_section=&#8220;no&#8220; type=&#8220;full_width&#8220; angled_section=&#8220;no&#8220; text_align=&#8220;left&#8220; background_image_as_pattern=&#8220;without_pattern&#8220;][vc_column][vc_empty_space height=&#8220;80px&#8220;][\/vc_column][\/vc_row][vc_row css_animation=&#8220;&#8220; row_type=&#8220;row&#8220; use_row_as_full_screen_section=&#8220;no&#8220; type=&#8220;grid&#8220; angled_section=&#8220;no&#8220; text_align=&#8220;left&#8220; background_image_as_pattern=&#8220;without_pattern&#8220; css=&#8220;.vc_custom_1537963262648{background-image: url(http:\/\/alpha-bioenergy.com\/wp-content\/uploads\/2018\/07\/corfu1.jpg?id=702) !important;background-position: center !important;background-repeat: no-repeat !important;background-size: cover !important;}&#8220; z_index=&#8220;&#8220;][vc_column width=&#8220;1\/2&#8243; css=&#8220;.vc_custom_1537963225629{background-color: rgba(255,255,255,0.62) !important;*background-color: rgb(255,255,255) !important;}&#8220;][qode_elements_holder number_of_columns=&#8220;one_column&#8220;][qode_elements_holder_item advanced_animations=&#8220;no&#8220; item_padding=&#8220;0 0 40px 0&#8243;][vc_column_text]<\/p>\n<h1><span class='highlight' style='color: #010101; background-color:transparent;'>Bio-Augmentation zur Schlammreduktion in der Kl\u00e4ranlageauf<\/span> Korfu, Griechenland<\/h1>\n<p>[\/vc_column_text][vc_empty_space height=&#8220;26px&#8220;][vc_column_text]Im Dezember 2015 startete Alphabio eine Pilotanwendung der Bio-Augmentation bei den kommunalen Abwasseranlagen von Korfu um den Schlamm zu reduzieren. Die Anlage operiert heute noch mit der Anwendung der Bio-Augmentation weil die Gemeinde nach einer L\u00f6sung gesucht hat um die Kosten der Schlammentsorgung zu minimieren.[\/vc_column_text][vc_empty_space height=&#8220;26px&#8220;]<a  itemprop=\"url\" href=\"https:\/\/alpha-bioenergy.com\/de\/project\/bio-augmentation-for-the-sludge-reduction-in-the-wwtp-of-corfu-greece\/\" target=\"_self\" data-hover-background-color='#6b6b6b'  class=\"qbutton  default\" style=\"color: #ffffff; background-color: #000000;\">Weiterlesen<\/a>[\/qode_elements_holder_item][\/qode_elements_holder][\/vc_column][vc_column width=&#8220;1\/2&#8243;][\/vc_column][\/vc_row][vc_row css_animation=&#8220;&#8220; row_type=&#8220;row&#8220; use_row_as_full_screen_section=&#8220;no&#8220; type=&#8220;full_width&#8220; angled_section=&#8220;no&#8220; text_align=&#8220;left&#8220; background_image_as_pattern=&#8220;without_pattern&#8220;][vc_column][vc_empty_space height=&#8220;80px&#8220;][\/vc_column][\/vc_row][vc_row css_animation=&#8220;&#8220; row_type=&#8220;row&#8220; use_row_as_full_screen_section=&#8220;no&#8220; type=&#8220;grid&#8220; angled_section=&#8220;no&#8220; text_align=&#8220;left&#8220; background_image_as_pattern=&#8220;without_pattern&#8220; css=&#8220;.vc_custom_1537964306698{background-image: url(http:\/\/alpha-bioenergy.com\/wp-content\/uploads\/2018\/07\/patras1.jpg?id=703) !important;background-position: center !important;background-repeat: no-repeat !important;background-size: cover !important;}&#8220; z_index=&#8220;&#8220;][vc_column width=&#8220;1\/2&#8243;][\/vc_column][vc_column width=&#8220;1\/2&#8243; css=&#8220;.vc_custom_1537962266628{background-color: rgba(255,255,255,0.62) !important;*background-color: rgb(255,255,255) !important;}&#8220;][qode_elements_holder number_of_columns=&#8220;one_column&#8220;][qode_elements_holder_item advanced_animations=&#8220;no&#8220; item_padding=&#8220;0 0 40px 0&#8243;][vc_column_text]<\/p>\n<h1><span class='highlight' style='color: #010101; background-color:transparent;'>Bio-Augmentation zur Schlammreduktion im Kl\u00e4ranlagevon<\/span> Patras, Griechenland<\/h1>\n<p>[\/vc_column_text][vc_empty_space height=&#8220;26px&#8220;][vc_column_text]Im Januar 2014 begannen Alphabio und die kommunalen Kl\u00e4ranlagen von Patras mit der Zusammenarbeit bei der Reduzierung des produzierten Schlamms.<br \/>\nDie Gemeinde suchte nach einem Weg, den in den Anlagen erzeugten Schlamm aufgrund der hohen Entsorgungskosten zu minimieren.[\/vc_column_text][vc_empty_space height=&#8220;26px&#8220;]<a  itemprop=\"url\" href=\"http:\/\/alpha-bioenergy.com\/de\/project\/bio-augmentation-for-the-sludge-reduction-in-the-wwtp-of-patras-greece\/\" target=\"_self\" data-hover-background-color='#6b6b6b'  class=\"qbutton  default\" style=\"color: #ffffff; background-color: #000000;\">Weiterlesen<\/a>[\/qode_elements_holder_item][\/qode_elements_holder][\/vc_column][\/vc_row][vc_row css_animation=&#8220;&#8220; row_type=&#8220;row&#8220; use_row_as_full_screen_section=&#8220;no&#8220; type=&#8220;full_width&#8220; angled_section=&#8220;no&#8220; text_align=&#8220;left&#8220; background_image_as_pattern=&#8220;without_pattern&#8220;][vc_column][vc_empty_space height=&#8220;80px&#8220;][\/vc_column][\/vc_row][vc_row css_animation=&#8220;&#8220; row_type=&#8220;row&#8220; use_row_as_full_screen_section=&#8220;no&#8220; type=&#8220;grid&#8220; angled_section=&#8220;no&#8220; text_align=&#8220;left&#8220; background_image_as_pattern=&#8220;without_pattern&#8220; css=&#8220;.vc_custom_1599141096417{background-image: url(https:\/\/alpha-bioenergy.com\/wp-content\/uploads\/2020\/09\/IMG_20200520_121050.jpg?id=1752) !important;background-position: center !important;background-repeat: no-repeat !important;background-size: cover !important;}&#8220; z_index=&#8220;&#8220;][vc_column width=&#8220;1\/2&#8243; css=&#8220;.vc_custom_1537963225629{background-color: rgba(255,255,255,0.62) !important;*background-color: rgb(255,255,255) !important;}&#8220;][qode_elements_holder number_of_columns=&#8220;one_column&#8220;][qode_elements_holder_item advanced_animations=&#8220;no&#8220; item_padding=&#8220;0 0 40px 0&#8243;][vc_column_text]<\/p>\n<h1><span class='highlight' style='color: #010101; background-color:transparent;'>Bio-Augmentation zur Schlammreduktion im Kl\u00e4ranlagevon<\/span> Kastoria, Griechenland<\/h1>\n<p>[\/vc_column_text][vc_empty_space height=&#8220;26px&#8220;][vc_column_text]Im Oktober 2014 einigten sich die Gemeinde Kastoria und Alphabio auf den Pilotantrag der Bio-Augmentation in den Kl\u00e4ranlagen der Stadt. Die Anwendung wird bis heute fortgesetzt. Die Anlage hat eine durchschnittliche Durchflussmenge von 8000 m3\/d, die aufgrund starker saisonaler Regenf\u00e4lle schwankt (12000-15000 m3\/d)[\/vc_column_text][vc_empty_space height=&#8220;26px&#8220;]<a  itemprop=\"url\" href=\"http:\/\/alpha-bioenergy.com\/de\/project\/bio-augmentation-for-the-sludge-reduction-in-the-wwtp-of-kastoria-greece\/\" target=\"_self\" data-hover-background-color='#6b6b6b'  class=\"qbutton  default\" style=\"color: #ffffff; background-color: #000000;\">Weiterlesen<\/a>[\/qode_elements_holder_item][\/qode_elements_holder][\/vc_column][vc_column width=&#8220;1\/2&#8243;][\/vc_column][\/vc_row][vc_row css_animation=&#8220;&#8220; row_type=&#8220;row&#8220; use_row_as_full_screen_section=&#8220;no&#8220; type=&#8220;full_width&#8220; angled_section=&#8220;no&#8220; text_align=&#8220;left&#8220; background_image_as_pattern=&#8220;without_pattern&#8220;][vc_column][vc_empty_space height=&#8220;80px&#8220;][\/vc_column][\/vc_row][vc_row css_animation=&#8220;&#8220; row_type=&#8220;row&#8220; use_row_as_full_screen_section=&#8220;no&#8220; type=&#8220;grid&#8220; angled_section=&#8220;no&#8220; text_align=&#8220;left&#8220; background_image_as_pattern=&#8220;without_pattern&#8220; css=&#8220;.vc_custom_1537964465159{background-image: url(http:\/\/alpha-bioenergy.com\/wp-content\/uploads\/2018\/07\/herakleion1.jpg?id=704) !important;background-position: center !important;background-repeat: no-repeat !important;background-size: cover !important;}&#8220; z_index=&#8220;&#8220;][vc_column width=&#8220;1\/2&#8243;][\/vc_column][vc_column width=&#8220;1\/2&#8243; css=&#8220;.vc_custom_1537962266628{background-color: rgba(255,255,255,0.62) !important;*background-color: rgb(255,255,255) !important;}&#8220;][qode_elements_holder number_of_columns=&#8220;one_column&#8220;][qode_elements_holder_item advanced_animations=&#8220;no&#8220; item_padding=&#8220;0 0 40px 0&#8243;][vc_column_text]<\/p>\n<h1><span class='highlight' style='color: #010101; background-color:transparent;'>HERAKLION Stadt <\/span> Kl\u00e4ranlage<\/h1>\n<p>[\/vc_column_text][vc_empty_space height=&#8220;26px&#8220;][vc_column_text]Die Umsetzung des Bioaugmentationsprozesses in der Heraklion-Stadt Kl\u00e4ranlage begann im August 2015 und l\u00e4uft noch. Diese Kl\u00e4ranlage erh\u00e4lt Abwasser von der Gemeinde Heraklion, die viertbev\u00f6lkerungsreichsten Stadt Griechenlands und gr\u00f6\u00dfte Stadt der Insel Kreta<br \/>\n[\/vc_column_text][vc_empty_space height=&#8220;26px&#8220;]<a  itemprop=\"url\" href=\"http:\/\/alpha-bioenergy.com\/de\/project\/heraklion-city-wwtp\/\" target=\"_self\" data-hover-background-color='#6b6b6b'  class=\"qbutton  default\" style=\"color: #ffffff; background-color: #000000;\">Weiterlesen<\/a>[\/qode_elements_holder_item][\/qode_elements_holder][\/vc_column][\/vc_row][vc_row css_animation=&#8220;&#8220; row_type=&#8220;row&#8220; use_row_as_full_screen_section=&#8220;no&#8220; type=&#8220;full_width&#8220; angled_section=&#8220;no&#8220; text_align=&#8220;left&#8220; background_image_as_pattern=&#8220;without_pattern&#8220;][vc_column][vc_empty_space height=&#8220;80px&#8220;][\/vc_column][\/vc_row]<\/p>\n<\/div>","protected":false},"excerpt":{"rendered":"<p>[vc_row css_animation=&#8220;&#8220; row_type=&#8220;row&#8220; use_row_as_full_screen_section=&#8220;no&#8220; type=&#8220;full_width&#8220; angled_section=&#8220;no&#8220; text_align=&#8220;left&#8220; background_image_as_pattern=&#8220;without_pattern&#8220;][vc_column][vc_empty_space height=&#8220;72px&#8220;][\/vc_column][\/vc_row][vc_row css_animation=&#8220;&#8220; row_type=&#8220;row&#8220; use_row_as_full_screen_section=&#8220;no&#8220; type=&#8220;grid&#8220; angled_section=&#8220;no&#8220; text_align=&#8220;left&#8220; background_image_as_pattern=&#8220;without_pattern&#8220; css=&#8220;.vc_custom_1537962293410{background-image: url(http:\/\/alpha-bioenergy.com\/wp-content\/uploads\/2018\/07\/ger1.jpg?id=700) !important;background-position: center !important;background-repeat: no-repeat !important;background-size: cover !important;}&#8220; z_index=&#8220;&#8220;][vc_column width=&#8220;1\/2&#8243;][\/vc_column][vc_column width=&#8220;1\/2&#8243; css=&#8220;.vc_custom_1537962266628{background-color: rgba(255,255,255,0.62) !important;*background-color: rgb(255,255,255) !important;}&#8220;][qode_elements_holder number_of_columns=&#8220;one_column&#8220;][qode_elements_holder_item advanced_animations=&#8220;no&#8220; item_padding=&#8220;0 0 40px 0&#8243;][vc_column_text] of Detmold, of Detmold, Deutschland [\/vc_column_text][vc_empty_space&#8230;<\/p>\n","protected":false},"author":1,"featured_media":0,"parent":1703,"menu_order":0,"comment_status":"closed","ping_status":"closed","template":"","meta":{"footnotes":""},"yoast_head":"<!-- This site is optimized with the Yoast SEO plugin v22.9 - https:\/\/yoast.com\/wordpress\/plugins\/seo\/ -->\n<title>Kl\u00e4rschlammreduktion projekte von ALPHAbio Ltd<\/title>\n<meta name=\"description\" content=\"Kl\u00e4rschlammreduktion projekte von ALPHAbio Ltd\" \/>\n<meta name=\"robots\" content=\"index, follow, max-snippet:-1, max-image-preview:large, max-video-preview:-1\" \/>\n<link rel=\"canonical\" href=\"https:\/\/alpha-bioenergy.com\/municipal-waste-water\/municipal-wastewater-treatment\/\" \/>\n<meta property=\"og:locale\" content=\"de_DE\" \/>\n<meta property=\"og:type\" content=\"article\" \/>\n<meta property=\"og:title\" content=\"Kl\u00e4rschlammreduktion projekte von ALPHAbio Ltd\" \/>\n<meta property=\"og:description\" content=\"Kl\u00e4rschlammreduktion projekte von ALPHAbio Ltd\" \/>\n<meta property=\"og:url\" content=\"https:\/\/alpha-bioenergy.com\/municipal-waste-water\/municipal-wastewater-treatment\/\" \/>\n<meta property=\"og:site_name\" content=\"Abio\" \/>\n<meta property=\"article:modified_time\" content=\"2020-09-03T13:51:53+00:00\" \/>\n<meta name=\"twitter:card\" content=\"summary_large_image\" \/>\n<meta name=\"twitter:label1\" content=\"Gesch\u00e4tzte Lesezeit\" \/>\n\t<meta name=\"twitter:data1\" content=\"6\u00a0Minuten\" \/>\n<script type=\"application\/ld+json\" class=\"yoast-schema-graph\">{\"@context\":\"https:\/\/schema.org\",\"@graph\":[{\"@type\":\"WebPage\",\"@id\":\"https:\/\/alpha-bioenergy.com\/municipal-waste-water\/municipal-wastewater-treatment\/\",\"url\":\"https:\/\/alpha-bioenergy.com\/municipal-waste-water\/municipal-wastewater-treatment\/\",\"name\":\"Kl\u00e4rschlammreduktion projekte von ALPHAbio Ltd\",\"isPartOf\":{\"@id\":\"https:\/\/alpha-bioenergy.com\/#website\"},\"datePublished\":\"2018-07-19T09:54:51+00:00\",\"dateModified\":\"2020-09-03T13:51:53+00:00\",\"description\":\"Kl\u00e4rschlammreduktion projekte von ALPHAbio Ltd\",\"breadcrumb\":{\"@id\":\"https:\/\/alpha-bioenergy.com\/municipal-waste-water\/municipal-wastewater-treatment\/#breadcrumb\"},\"inLanguage\":\"de\",\"potentialAction\":[{\"@type\":\"ReadAction\",\"target\":[\"https:\/\/alpha-bioenergy.com\/municipal-waste-water\/municipal-wastewater-treatment\/\"]}]},{\"@type\":\"BreadcrumbList\",\"@id\":\"https:\/\/alpha-bioenergy.com\/municipal-waste-water\/municipal-wastewater-treatment\/#breadcrumb\",\"itemListElement\":[{\"@type\":\"ListItem\",\"position\":1,\"name\":\"Home\",\"item\":\"https:\/\/alpha-bioenergy.com\/de\/\"},{\"@type\":\"ListItem\",\"position\":2,\"name\":\"Kommunales Abwasser\",\"item\":\"https:\/\/alpha-bioenergy.com\/de\/municipal-waste-water\/\"},{\"@type\":\"ListItem\",\"position\":3,\"name\":\"KL\u00c4RSCHLAMMREDUKTION\"}]},{\"@type\":\"WebSite\",\"@id\":\"https:\/\/alpha-bioenergy.com\/#website\",\"url\":\"https:\/\/alpha-bioenergy.com\/\",\"name\":\"Abio\",\"description\":\"Wastewater Treatment\",\"potentialAction\":[{\"@type\":\"SearchAction\",\"target\":{\"@type\":\"EntryPoint\",\"urlTemplate\":\"https:\/\/alpha-bioenergy.com\/?s={search_term_string}\"},\"query-input\":\"required name=search_term_string\"}],\"inLanguage\":\"de\"}]}<\/script>\n<!-- \/ Yoast SEO plugin. -->","yoast_head_json":{"title":"Kl\u00e4rschlammreduktion projekte von ALPHAbio Ltd","description":"Kl\u00e4rschlammreduktion projekte von ALPHAbio Ltd","robots":{"index":"index","follow":"follow","max-snippet":"max-snippet:-1","max-image-preview":"max-image-preview:large","max-video-preview":"max-video-preview:-1"},"canonical":"https:\/\/alpha-bioenergy.com\/municipal-waste-water\/municipal-wastewater-treatment\/","og_locale":"de_DE","og_type":"article","og_title":"Kl\u00e4rschlammreduktion projekte von ALPHAbio Ltd","og_description":"Kl\u00e4rschlammreduktion projekte von ALPHAbio Ltd","og_url":"https:\/\/alpha-bioenergy.com\/municipal-waste-water\/municipal-wastewater-treatment\/","og_site_name":"Abio","article_modified_time":"2020-09-03T13:51:53+00:00","twitter_card":"summary_large_image","twitter_misc":{"Gesch\u00e4tzte Lesezeit":"6\u00a0Minuten"},"schema":{"@context":"https:\/\/schema.org","@graph":[{"@type":"WebPage","@id":"https:\/\/alpha-bioenergy.com\/municipal-waste-water\/municipal-wastewater-treatment\/","url":"https:\/\/alpha-bioenergy.com\/municipal-waste-water\/municipal-wastewater-treatment\/","name":"Kl\u00e4rschlammreduktion projekte von ALPHAbio Ltd","isPartOf":{"@id":"https:\/\/alpha-bioenergy.com\/#website"},"datePublished":"2018-07-19T09:54:51+00:00","dateModified":"2020-09-03T13:51:53+00:00","description":"Kl\u00e4rschlammreduktion projekte von ALPHAbio Ltd","breadcrumb":{"@id":"https:\/\/alpha-bioenergy.com\/municipal-waste-water\/municipal-wastewater-treatment\/#breadcrumb"},"inLanguage":"de","potentialAction":[{"@type":"ReadAction","target":["https:\/\/alpha-bioenergy.com\/municipal-waste-water\/municipal-wastewater-treatment\/"]}]},{"@type":"BreadcrumbList","@id":"https:\/\/alpha-bioenergy.com\/municipal-waste-water\/municipal-wastewater-treatment\/#breadcrumb","itemListElement":[{"@type":"ListItem","position":1,"name":"Home","item":"https:\/\/alpha-bioenergy.com\/de\/"},{"@type":"ListItem","position":2,"name":"Kommunales Abwasser","item":"https:\/\/alpha-bioenergy.com\/de\/municipal-waste-water\/"},{"@type":"ListItem","position":3,"name":"KL\u00c4RSCHLAMMREDUKTION"}]},{"@type":"WebSite","@id":"https:\/\/alpha-bioenergy.com\/#website","url":"https:\/\/alpha-bioenergy.com\/","name":"Abio","description":"Wastewater Treatment","potentialAction":[{"@type":"SearchAction","target":{"@type":"EntryPoint","urlTemplate":"https:\/\/alpha-bioenergy.com\/?s={search_term_string}"},"query-input":"required name=search_term_string"}],"inLanguage":"de"}]}},"_links":{"self":[{"href":"https:\/\/alpha-bioenergy.com\/de\/wp-json\/wp\/v2\/pages\/1706"}],"collection":[{"href":"https:\/\/alpha-bioenergy.com\/de\/wp-json\/wp\/v2\/pages"}],"about":[{"href":"https:\/\/alpha-bioenergy.com\/de\/wp-json\/wp\/v2\/types\/page"}],"author":[{"embeddable":true,"href":"https:\/\/alpha-bioenergy.com\/de\/wp-json\/wp\/v2\/users\/1"}],"replies":[{"embeddable":true,"href":"https:\/\/alpha-bioenergy.com\/de\/wp-json\/wp\/v2\/comments?post=1706"}],"version-history":[{"count":4,"href":"https:\/\/alpha-bioenergy.com\/de\/wp-json\/wp\/v2\/pages\/1706\/revisions"}],"predecessor-version":[{"id":1756,"href":"https:\/\/alpha-bioenergy.com\/de\/wp-json\/wp\/v2\/pages\/1706\/revisions\/1756"}],"up":[{"embeddable":true,"href":"https:\/\/alpha-bioenergy.com\/de\/wp-json\/wp\/v2\/pages\/1703"}],"wp:attachment":[{"href":"https:\/\/alpha-bioenergy.com\/de\/wp-json\/wp\/v2\/media?parent=1706"}],"curies":[{"name":"wp","href":"https:\/\/api.w.org\/{rel}","templated":true}]}}