{"id":1722,"date":"2018-07-19T12:51:18","date_gmt":"2018-07-19T09:51:18","guid":{"rendered":"https:\/\/alpha-bioenergy.com\/industrial-waste-water\/olive-waste-treatment\/"},"modified":"2020-06-09T10:10:37","modified_gmt":"2020-06-09T07:10:37","slug":"olive-waste-treatment","status":"publish","type":"page","link":"https:\/\/alpha-bioenergy.com\/de\/industrial-waste-water\/olive-waste-treatment\/","title":{"rendered":"BEHANDLUNG VON OLIVENABF\u00c4LLEN"},"content":{"rendered":"<div class=\"wpb-content-wrapper\"><p>[vc_row css_animation=&#8220;&#8220; row_type=&#8220;row&#8220; use_row_as_full_screen_section=&#8220;no&#8220; type=&#8220;full_width&#8220; angled_section=&#8220;no&#8220; text_align=&#8220;left&#8220; background_image_as_pattern=&#8220;without_pattern&#8220;][vc_column][vc_empty_space height=&#8220;72px&#8220;][\/vc_column][\/vc_row][vc_row css_animation=&#8220;&#8220; row_type=&#8220;row&#8220; use_row_as_full_screen_section=&#8220;no&#8220; type=&#8220;grid&#8220; angled_section=&#8220;no&#8220; text_align=&#8220;left&#8220; background_image_as_pattern=&#8220;without_pattern&#8220; css=&#8220;.vc_custom_1591356608619{background-image: url(https:\/\/alpha-bioenergy.com\/wp-content\/uploads\/2020\/06\/Table-olive-production-plant-in-Ormylia-Chalkidiki-1.jpg?id=1575) !important;background-position: center !important;background-repeat: no-repeat !important;background-size: cover !important;}&#8220; z_index=&#8220;&#8220;][vc_column width=&#8220;1\/2&#8243;][\/vc_column][vc_column width=&#8220;1\/2&#8243; css=&#8220;.vc_custom_1537962266628{background-color: rgba(255,255,255,0.62) !important;*background-color: rgb(255,255,255) !important;}&#8220;][qode_elements_holder number_of_columns=&#8220;one_column&#8220;][qode_elements_holder_item advanced_animations=&#8220;no&#8220; item_padding=&#8220;0 0 40px 0&#8243;][vc_column_text]<\/p>\n<h1><span class='highlight' style='color: #010101; background-color:transparent;'>Tafeloliven-Produktionsanlage<\/span> in Ormylia &#8211; Chalkidiki<\/h1>\n<p>[\/vc_column_text][vc_empty_space height=&#8220;26px&#8220;][vc_column_text]Der Olivenanbau in Chalkidiki erstreckt sich \u00fcber eine Fl\u00e4che von 310.000 ha mit 5 Millionen B\u00e4umen und 19.000 Erzeugern. Dies entspricht 1\/3 der Anbaufl\u00e4che Griechenlands.<br \/>\n[\/vc_column_text][vc_empty_space height=&#8220;26px&#8220;]<a  itemprop=\"url\" href=\"https:\/\/alpha-bioenergy.com\/de\/project\/table-olive-production-plant-in-ormylia-chalkidiki\/\" target=\"_self\" data-hover-background-color='#6b6b6b'  class=\"qbutton  default\" style=\"color: #ffffff; background-color: #000000;\">Weiterlesen<\/a>[\/qode_elements_holder_item][\/qode_elements_holder][\/vc_column][\/vc_row][vc_row css_animation=&#8220;&#8220; row_type=&#8220;row&#8220; use_row_as_full_screen_section=&#8220;no&#8220; type=&#8220;full_width&#8220; angled_section=&#8220;no&#8220; text_align=&#8220;left&#8220; background_image_as_pattern=&#8220;without_pattern&#8220;][vc_column][vc_empty_space height=&#8220;80px&#8220;][\/vc_column][\/vc_row]<\/p>\n<\/div>","protected":false},"excerpt":{"rendered":"<p>[vc_row css_animation=&#8220;&#8220; row_type=&#8220;row&#8220; use_row_as_full_screen_section=&#8220;no&#8220; type=&#8220;full_width&#8220; angled_section=&#8220;no&#8220; text_align=&#8220;left&#8220; background_image_as_pattern=&#8220;without_pattern&#8220;][vc_column][vc_empty_space height=&#8220;72px&#8220;][\/vc_column][\/vc_row][vc_row css_animation=&#8220;&#8220; row_type=&#8220;row&#8220; use_row_as_full_screen_section=&#8220;no&#8220; type=&#8220;grid&#8220; angled_section=&#8220;no&#8220; text_align=&#8220;left&#8220; background_image_as_pattern=&#8220;without_pattern&#8220; css=&#8220;.vc_custom_1591356608619{background-image: url(https:\/\/alpha-bioenergy.com\/wp-content\/uploads\/2020\/06\/Table-olive-production-plant-in-Ormylia-Chalkidiki-1.jpg?id=1575) !important;background-position: center !important;background-repeat: no-repeat !important;background-size: cover !important;}&#8220; z_index=&#8220;&#8220;][vc_column width=&#8220;1\/2&#8243;][\/vc_column][vc_column width=&#8220;1\/2&#8243; css=&#8220;.vc_custom_1537962266628{background-color: rgba(255,255,255,0.62) !important;*background-color: rgb(255,255,255) !important;}&#8220;][qode_elements_holder number_of_columns=&#8220;one_column&#8220;][qode_elements_holder_item advanced_animations=&#8220;no&#8220; item_padding=&#8220;0 0 40px 0&#8243;][vc_column_text] in Ormylia &#8211; Chalkidiki [\/vc_column_text][vc_empty_space height=&#8220;26px&#8220;][vc_column_text]Der&#8230;<\/p>\n","protected":false},"author":1,"featured_media":0,"parent":1700,"menu_order":0,"comment_status":"closed","ping_status":"closed","template":"","meta":{"footnotes":""},"yoast_head":"<!-- This site is optimized with the Yoast SEO plugin v22.9 - https:\/\/yoast.com\/wordpress\/plugins\/seo\/ -->\n<title>BEHANDLUNG VON OLIVENABF\u00c4LLEN projekte von ALPHAbio Ltd<\/title>\n<meta name=\"description\" content=\"BEHANDLUNG VON OLIVENABF\u00c4LLEN projekte von ALPHAbio Ltd\" \/>\n<meta name=\"robots\" content=\"index, follow, max-snippet:-1, max-image-preview:large, max-video-preview:-1\" \/>\n<link rel=\"canonical\" href=\"https:\/\/alpha-bioenergy.com\/industrial-waste-water\/olive-waste-treatment\/\" \/>\n<meta property=\"og:locale\" content=\"de_DE\" \/>\n<meta property=\"og:type\" content=\"article\" \/>\n<meta property=\"og:title\" content=\"BEHANDLUNG VON OLIVENABF\u00c4LLEN projekte von ALPHAbio Ltd\" \/>\n<meta property=\"og:description\" content=\"BEHANDLUNG VON OLIVENABF\u00c4LLEN projekte von ALPHAbio Ltd\" \/>\n<meta property=\"og:url\" content=\"https:\/\/alpha-bioenergy.com\/industrial-waste-water\/olive-waste-treatment\/\" \/>\n<meta property=\"og:site_name\" content=\"Abio\" \/>\n<meta property=\"article:modified_time\" content=\"2020-06-09T07:10:37+00:00\" \/>\n<meta name=\"twitter:card\" content=\"summary_large_image\" \/>\n<meta name=\"twitter:label1\" content=\"Gesch\u00e4tzte Lesezeit\" \/>\n\t<meta name=\"twitter:data1\" content=\"1\u00a0Minute\" \/>\n<script type=\"application\/ld+json\" class=\"yoast-schema-graph\">{\"@context\":\"https:\/\/schema.org\",\"@graph\":[{\"@type\":\"WebPage\",\"@id\":\"https:\/\/alpha-bioenergy.com\/industrial-waste-water\/olive-waste-treatment\/\",\"url\":\"https:\/\/alpha-bioenergy.com\/industrial-waste-water\/olive-waste-treatment\/\",\"name\":\"BEHANDLUNG VON OLIVENABF\u00c4LLEN projekte von ALPHAbio Ltd\",\"isPartOf\":{\"@id\":\"https:\/\/alpha-bioenergy.com\/#website\"},\"datePublished\":\"2018-07-19T09:51:18+00:00\",\"dateModified\":\"2020-06-09T07:10:37+00:00\",\"description\":\"BEHANDLUNG VON OLIVENABF\u00c4LLEN projekte von ALPHAbio Ltd\",\"breadcrumb\":{\"@id\":\"https:\/\/alpha-bioenergy.com\/industrial-waste-water\/olive-waste-treatment\/#breadcrumb\"},\"inLanguage\":\"de\",\"potentialAction\":[{\"@type\":\"ReadAction\",\"target\":[\"https:\/\/alpha-bioenergy.com\/industrial-waste-water\/olive-waste-treatment\/\"]}]},{\"@type\":\"BreadcrumbList\",\"@id\":\"https:\/\/alpha-bioenergy.com\/industrial-waste-water\/olive-waste-treatment\/#breadcrumb\",\"itemListElement\":[{\"@type\":\"ListItem\",\"position\":1,\"name\":\"Home\",\"item\":\"https:\/\/alpha-bioenergy.com\/de\/\"},{\"@type\":\"ListItem\",\"position\":2,\"name\":\"Industrielles Abwasser\",\"item\":\"https:\/\/alpha-bioenergy.com\/industrial-waste-water\/\"},{\"@type\":\"ListItem\",\"position\":3,\"name\":\"BEHANDLUNG VON OLIVENABF\u00c4LLEN\"}]},{\"@type\":\"WebSite\",\"@id\":\"https:\/\/alpha-bioenergy.com\/#website\",\"url\":\"https:\/\/alpha-bioenergy.com\/\",\"name\":\"Abio\",\"description\":\"Wastewater Treatment\",\"potentialAction\":[{\"@type\":\"SearchAction\",\"target\":{\"@type\":\"EntryPoint\",\"urlTemplate\":\"https:\/\/alpha-bioenergy.com\/?s={search_term_string}\"},\"query-input\":\"required name=search_term_string\"}],\"inLanguage\":\"de\"}]}<\/script>\n<!-- \/ Yoast SEO plugin. -->","yoast_head_json":{"title":"BEHANDLUNG VON OLIVENABF\u00c4LLEN projekte von ALPHAbio Ltd","description":"BEHANDLUNG VON OLIVENABF\u00c4LLEN projekte von ALPHAbio Ltd","robots":{"index":"index","follow":"follow","max-snippet":"max-snippet:-1","max-image-preview":"max-image-preview:large","max-video-preview":"max-video-preview:-1"},"canonical":"https:\/\/alpha-bioenergy.com\/industrial-waste-water\/olive-waste-treatment\/","og_locale":"de_DE","og_type":"article","og_title":"BEHANDLUNG VON OLIVENABF\u00c4LLEN projekte von ALPHAbio Ltd","og_description":"BEHANDLUNG VON OLIVENABF\u00c4LLEN projekte von ALPHAbio Ltd","og_url":"https:\/\/alpha-bioenergy.com\/industrial-waste-water\/olive-waste-treatment\/","og_site_name":"Abio","article_modified_time":"2020-06-09T07:10:37+00:00","twitter_card":"summary_large_image","twitter_misc":{"Gesch\u00e4tzte Lesezeit":"1\u00a0Minute"},"schema":{"@context":"https:\/\/schema.org","@graph":[{"@type":"WebPage","@id":"https:\/\/alpha-bioenergy.com\/industrial-waste-water\/olive-waste-treatment\/","url":"https:\/\/alpha-bioenergy.com\/industrial-waste-water\/olive-waste-treatment\/","name":"BEHANDLUNG VON OLIVENABF\u00c4LLEN projekte von ALPHAbio Ltd","isPartOf":{"@id":"https:\/\/alpha-bioenergy.com\/#website"},"datePublished":"2018-07-19T09:51:18+00:00","dateModified":"2020-06-09T07:10:37+00:00","description":"BEHANDLUNG VON OLIVENABF\u00c4LLEN projekte von ALPHAbio Ltd","breadcrumb":{"@id":"https:\/\/alpha-bioenergy.com\/industrial-waste-water\/olive-waste-treatment\/#breadcrumb"},"inLanguage":"de","potentialAction":[{"@type":"ReadAction","target":["https:\/\/alpha-bioenergy.com\/industrial-waste-water\/olive-waste-treatment\/"]}]},{"@type":"BreadcrumbList","@id":"https:\/\/alpha-bioenergy.com\/industrial-waste-water\/olive-waste-treatment\/#breadcrumb","itemListElement":[{"@type":"ListItem","position":1,"name":"Home","item":"https:\/\/alpha-bioenergy.com\/de\/"},{"@type":"ListItem","position":2,"name":"Industrielles Abwasser","item":"https:\/\/alpha-bioenergy.com\/industrial-waste-water\/"},{"@type":"ListItem","position":3,"name":"BEHANDLUNG VON OLIVENABF\u00c4LLEN"}]},{"@type":"WebSite","@id":"https:\/\/alpha-bioenergy.com\/#website","url":"https:\/\/alpha-bioenergy.com\/","name":"Abio","description":"Wastewater Treatment","potentialAction":[{"@type":"SearchAction","target":{"@type":"EntryPoint","urlTemplate":"https:\/\/alpha-bioenergy.com\/?s={search_term_string}"},"query-input":"required name=search_term_string"}],"inLanguage":"de"}]}},"_links":{"self":[{"href":"https:\/\/alpha-bioenergy.com\/de\/wp-json\/wp\/v2\/pages\/1722"}],"collection":[{"href":"https:\/\/alpha-bioenergy.com\/de\/wp-json\/wp\/v2\/pages"}],"about":[{"href":"https:\/\/alpha-bioenergy.com\/de\/wp-json\/wp\/v2\/types\/page"}],"author":[{"embeddable":true,"href":"https:\/\/alpha-bioenergy.com\/de\/wp-json\/wp\/v2\/users\/1"}],"replies":[{"embeddable":true,"href":"https:\/\/alpha-bioenergy.com\/de\/wp-json\/wp\/v2\/comments?post=1722"}],"version-history":[{"count":3,"href":"https:\/\/alpha-bioenergy.com\/de\/wp-json\/wp\/v2\/pages\/1722\/revisions"}],"predecessor-version":[{"id":1725,"href":"https:\/\/alpha-bioenergy.com\/de\/wp-json\/wp\/v2\/pages\/1722\/revisions\/1725"}],"up":[{"embeddable":true,"href":"https:\/\/alpha-bioenergy.com\/de\/wp-json\/wp\/v2\/pages\/1700"}],"wp:attachment":[{"href":"https:\/\/alpha-bioenergy.com\/de\/wp-json\/wp\/v2\/media?parent=1722"}],"curies":[{"name":"wp","href":"https:\/\/api.w.org\/{rel}","templated":true}]}}